{"id":14819,"date":"2023-09-20T09:56:29","date_gmt":"2023-09-20T13:56:29","guid":{"rendered":"https:\/\/chouetteavoir.ca\/politique-de-confidentialite\/"},"modified":"2024-05-24T11:55:01","modified_gmt":"2024-05-24T15:55:01","slug":"privacy-policy","status":"publish","type":"page","link":"https:\/\/chouetteavoir.ca\/en\/privacy-policy\/","title":{"rendered":"Privacy Policy"},"content":{"rendered":"<h4>Who we are<\/h4>\n<p>Our website address is: https:\/\/chouetteavoir.ca\/.<\/p>\n<h4>Comments<\/h4>\n<p>When you leave a comment on our website, the data entered in the comment form, but also your IP address and the user agent of your browser are collected to help us detect unwanted comments.<\/p>\n<p>An anonymized string created from your email address (also called a \u201chash\u201d) may be sent to the Gravatar service to check whether you are using it. The Gravatar service privacy policies are available here: https:\/\/automattic.com\/privacy\/. After validation of your comment, your profile photo will be publicly visible next to your comment.<\/p>\n<h4>Media<\/h4>\n<p>If you upload images to the Website, we advise you to avoid uploading images that contain EXIF data containing GPS coordinates. Visitors to this website can download and extract location data from these images.<\/p>\n<h4>Witnesses<\/h4>\n<p>If you leave a comment on our site, you may save your name, email address and website in cookies. This is just to make it easier for you so that you don&#8217;t have to fill in this information if you leave another comment later. These cookies expire after one year.<\/p>\n<p>If you go to the login page, a temporary cookie will be created to determine whether your browser accepts cookies. It does not contain personal data and will be deleted automatically when you close your browser.<\/p>\n<p>When you log in, we will set a number of cookies to save your login information and screen preferences. The lifespan of a connection cookie is two days, that of a screen option cookie is one year. If you check \u201cRemember me\u201d, your cookie will be kept for two weeks. If you log out of your account, the login cookie will be deleted.<\/p>\n<p>By editing or publishing an article, an additional cookie will be stored in your browser. This cookie does not include any personal data. It simply indicates the ID of the article you have just modified. It expires after one day.<\/p>\n<h4>Embedded content from other websites<\/h4>\n<p>Articles on this site may include embedded content (e.g. videos, images, articles, etc.). Content embedded from other sites behaves the same as if the visitor went to that other site.<\/p>\n<p>These websites may collect data about you, use cookies, install third-party tracking tools, or track your interactions with this embedded content if you have an account and are logged in to their website.<\/p>\n<h4>Who do we share your data with<\/h4>\n<p>If you request a password reset, your IP address will be included in the reset email.<\/p>\n<h4>How long is your data kept?<\/h4>\n<p>If you leave a comment, the comment and its metadata are retained indefinitely. This allows subsequent comments to be automatically recognized and approved instead of leaving them in the moderation queue.<\/p>\n<p>For users who register on our site (if possible), we also store the personal data indicated in their profile. All users can view, edit or delete their personal information at any time (except their username). Site managers can also view and modify this information.<\/p>\n<h4>What are your rights over your data?<\/h4>\n<p>If you have an account or have left comments on this site, you can request to receive a file containing all the personal data we have about you, including that you have provided to us. You can also request the deletion of personal data concerning you. This does not take into account data retained for administrative, legal or security purposes.<\/p>\n<h4>Transmission of your personal data<\/h4>\n<p>Visitor comments may be checked using an automated spam comment detection service.<\/p>\n","protected":false},"excerpt":{"rendered":"<p>Who we are Our website address is: https:\/\/chouetteavoir.ca\/. Comments When you leave a comment on our website, the data entered in the comment form, but also your IP&hellip;<\/p>\n","protected":false},"author":1,"featured_media":0,"parent":0,"menu_order":0,"comment_status":"closed","ping_status":"closed","template":"","meta":{"_monsterinsights_skip_tracking":false,"_monsterinsights_sitenote_active":false,"_monsterinsights_sitenote_note":"","_monsterinsights_sitenote_category":0,"footnotes":""},"class_list":["post-14819","page","type-page","status-publish","hentry"],"yoast_head":"<!-- This site is optimized with the Yoast SEO plugin v27.2 - https:\/\/yoast.com\/product\/yoast-seo-wordpress\/ -->\n<title>Privacy Policy | Chouette \u00e0 Voir !<\/title>\n<meta name=\"robots\" content=\"index, follow, max-snippet:-1, max-image-preview:large, max-video-preview:-1\" \/>\n<link rel=\"canonical\" href=\"https:\/\/chouetteavoir.ca\/en\/privacy-policy\/\" \/>\n<meta property=\"og:locale\" content=\"en_US\" \/>\n<meta property=\"og:type\" content=\"article\" \/>\n<meta property=\"og:title\" content=\"Privacy Policy | Chouette \u00e0 Voir !\" \/>\n<meta property=\"og:description\" content=\"Who we are Our website address is: https:\/\/chouetteavoir.ca\/. Comments When you leave a comment on our website, the data entered in the comment form, but also your IP&hellip;\" \/>\n<meta property=\"og:url\" content=\"https:\/\/chouetteavoir.ca\/en\/privacy-policy\/\" \/>\n<meta property=\"og:site_name\" content=\"Chouette \u00e0 Voir !\" \/>\n<meta property=\"article:publisher\" content=\"https:\/\/www.facebook.com\/chouetteavoir\/\" \/>\n<meta property=\"article:modified_time\" content=\"2024-05-24T15:55:01+00:00\" \/>\n<meta property=\"og:image\" content=\"https:\/\/chouetteavoir.ca\/wp-content\/uploads\/2021\/06\/CAV-officiel-1.jpg\" \/>\n\t<meta property=\"og:image:width\" content=\"1000\" \/>\n\t<meta property=\"og:image:height\" content=\"633\" \/>\n\t<meta property=\"og:image:type\" content=\"image\/jpeg\" \/>\n<meta name=\"twitter:card\" content=\"summary_large_image\" \/>\n<meta name=\"twitter:site\" content=\"@UQROP\" \/>\n<meta name=\"twitter:label1\" content=\"Est. reading time\" \/>\n\t<meta name=\"twitter:data1\" content=\"3 minutes\" \/>\n<script type=\"application\/ld+json\" class=\"yoast-schema-graph\">{\"@context\":\"https:\/\/schema.org\",\"@graph\":[{\"@type\":\"WebPage\",\"@id\":\"https:\/\/chouetteavoir.ca\/en\/privacy-policy\/\",\"url\":\"https:\/\/chouetteavoir.ca\/en\/privacy-policy\/\",\"name\":\"Privacy Policy | Chouette \u00e0 Voir !\",\"isPartOf\":{\"@id\":\"https:\/\/chouetteavoir.ca\/en\/#website\"},\"datePublished\":\"2023-09-20T13:56:29+00:00\",\"dateModified\":\"2024-05-24T15:55:01+00:00\",\"breadcrumb\":{\"@id\":\"https:\/\/chouetteavoir.ca\/en\/privacy-policy\/#breadcrumb\"},\"inLanguage\":\"en-US\",\"potentialAction\":[{\"@type\":\"ReadAction\",\"target\":[\"https:\/\/chouetteavoir.ca\/en\/privacy-policy\/\"]}]},{\"@type\":\"BreadcrumbList\",\"@id\":\"https:\/\/chouetteavoir.ca\/en\/privacy-policy\/#breadcrumb\",\"itemListElement\":[{\"@type\":\"ListItem\",\"position\":1,\"name\":\"Accueil\",\"item\":\"https:\/\/chouetteavoir.ca\/en\/\"},{\"@type\":\"ListItem\",\"position\":2,\"name\":\"Privacy Policy\"}]},{\"@type\":\"WebSite\",\"@id\":\"https:\/\/chouetteavoir.ca\/en\/#website\",\"url\":\"https:\/\/chouetteavoir.ca\/en\/\",\"name\":\"Chouette \u00e0 Voir !\",\"description\":\"Le Qu\u00e9bec compte 27 esp\u00e8ces d\u2019oiseaux de proie, toutes prot\u00e9g\u00e9es, dont 5 sont vuln\u00e9rables.\",\"publisher\":{\"@id\":\"https:\/\/chouetteavoir.ca\/en\/#organization\"},\"potentialAction\":[{\"@type\":\"SearchAction\",\"target\":{\"@type\":\"EntryPoint\",\"urlTemplate\":\"https:\/\/chouetteavoir.ca\/en\/?s={search_term_string}\"},\"query-input\":{\"@type\":\"PropertyValueSpecification\",\"valueRequired\":true,\"valueName\":\"search_term_string\"}}],\"inLanguage\":\"en-US\"},{\"@type\":\"Organization\",\"@id\":\"https:\/\/chouetteavoir.ca\/en\/#organization\",\"name\":\"Chouette \u00e0 Voir!\",\"url\":\"https:\/\/chouetteavoir.ca\/en\/\",\"logo\":{\"@type\":\"ImageObject\",\"inLanguage\":\"en-US\",\"@id\":\"https:\/\/chouetteavoir.ca\/en\/#\/schema\/logo\/image\/\",\"url\":\"https:\/\/chouetteavoir.ca\/wp-content\/uploads\/2021\/02\/logo_chouette_a_voir-2.png\",\"contentUrl\":\"https:\/\/chouetteavoir.ca\/wp-content\/uploads\/2021\/02\/logo_chouette_a_voir-2.png\",\"width\":208,\"height\":120,\"caption\":\"Chouette \u00e0 Voir!\"},\"image\":{\"@id\":\"https:\/\/chouetteavoir.ca\/en\/#\/schema\/logo\/image\/\"},\"sameAs\":[\"https:\/\/www.facebook.com\/chouetteavoir\/\",\"https:\/\/x.com\/UQROP\",\"https:\/\/www.instagram.com\/chouette_a_voir\/\",\"https:\/\/www.youtube.com\/channel\/UCc6U0zsiNJuOtMV1SbvKisw\"]}]}<\/script>\n<!-- \/ Yoast SEO plugin. -->","yoast_head_json":{"title":"Privacy Policy | Chouette \u00e0 Voir !","robots":{"index":"index","follow":"follow","max-snippet":"max-snippet:-1","max-image-preview":"max-image-preview:large","max-video-preview":"max-video-preview:-1"},"canonical":"https:\/\/chouetteavoir.ca\/en\/privacy-policy\/","og_locale":"en_US","og_type":"article","og_title":"Privacy Policy | Chouette \u00e0 Voir !","og_description":"Who we are Our website address is: https:\/\/chouetteavoir.ca\/. Comments When you leave a comment on our website, the data entered in the comment form, but also your IP&hellip;","og_url":"https:\/\/chouetteavoir.ca\/en\/privacy-policy\/","og_site_name":"Chouette \u00e0 Voir !","article_publisher":"https:\/\/www.facebook.com\/chouetteavoir\/","article_modified_time":"2024-05-24T15:55:01+00:00","og_image":[{"width":1000,"height":633,"url":"https:\/\/chouetteavoir.ca\/wp-content\/uploads\/2021\/06\/CAV-officiel-1.jpg","type":"image\/jpeg"}],"twitter_card":"summary_large_image","twitter_site":"@UQROP","twitter_misc":{"Est. reading time":"3 minutes"},"schema":{"@context":"https:\/\/schema.org","@graph":[{"@type":"WebPage","@id":"https:\/\/chouetteavoir.ca\/en\/privacy-policy\/","url":"https:\/\/chouetteavoir.ca\/en\/privacy-policy\/","name":"Privacy Policy | Chouette \u00e0 Voir !","isPartOf":{"@id":"https:\/\/chouetteavoir.ca\/en\/#website"},"datePublished":"2023-09-20T13:56:29+00:00","dateModified":"2024-05-24T15:55:01+00:00","breadcrumb":{"@id":"https:\/\/chouetteavoir.ca\/en\/privacy-policy\/#breadcrumb"},"inLanguage":"en-US","potentialAction":[{"@type":"ReadAction","target":["https:\/\/chouetteavoir.ca\/en\/privacy-policy\/"]}]},{"@type":"BreadcrumbList","@id":"https:\/\/chouetteavoir.ca\/en\/privacy-policy\/#breadcrumb","itemListElement":[{"@type":"ListItem","position":1,"name":"Accueil","item":"https:\/\/chouetteavoir.ca\/en\/"},{"@type":"ListItem","position":2,"name":"Privacy Policy"}]},{"@type":"WebSite","@id":"https:\/\/chouetteavoir.ca\/en\/#website","url":"https:\/\/chouetteavoir.ca\/en\/","name":"Chouette \u00e0 Voir !","description":"Le Qu\u00e9bec compte 27 esp\u00e8ces d\u2019oiseaux de proie, toutes prot\u00e9g\u00e9es, dont 5 sont vuln\u00e9rables.","publisher":{"@id":"https:\/\/chouetteavoir.ca\/en\/#organization"},"potentialAction":[{"@type":"SearchAction","target":{"@type":"EntryPoint","urlTemplate":"https:\/\/chouetteavoir.ca\/en\/?s={search_term_string}"},"query-input":{"@type":"PropertyValueSpecification","valueRequired":true,"valueName":"search_term_string"}}],"inLanguage":"en-US"},{"@type":"Organization","@id":"https:\/\/chouetteavoir.ca\/en\/#organization","name":"Chouette \u00e0 Voir!","url":"https:\/\/chouetteavoir.ca\/en\/","logo":{"@type":"ImageObject","inLanguage":"en-US","@id":"https:\/\/chouetteavoir.ca\/en\/#\/schema\/logo\/image\/","url":"https:\/\/chouetteavoir.ca\/wp-content\/uploads\/2021\/02\/logo_chouette_a_voir-2.png","contentUrl":"https:\/\/chouetteavoir.ca\/wp-content\/uploads\/2021\/02\/logo_chouette_a_voir-2.png","width":208,"height":120,"caption":"Chouette \u00e0 Voir!"},"image":{"@id":"https:\/\/chouetteavoir.ca\/en\/#\/schema\/logo\/image\/"},"sameAs":["https:\/\/www.facebook.com\/chouetteavoir\/","https:\/\/x.com\/UQROP","https:\/\/www.instagram.com\/chouette_a_voir\/","https:\/\/www.youtube.com\/channel\/UCc6U0zsiNJuOtMV1SbvKisw"]}]}},"_links":{"self":[{"href":"https:\/\/chouetteavoir.ca\/en\/wp-json\/wp\/v2\/pages\/14819","targetHints":{"allow":["GET"]}}],"collection":[{"href":"https:\/\/chouetteavoir.ca\/en\/wp-json\/wp\/v2\/pages"}],"about":[{"href":"https:\/\/chouetteavoir.ca\/en\/wp-json\/wp\/v2\/types\/page"}],"author":[{"embeddable":true,"href":"https:\/\/chouetteavoir.ca\/en\/wp-json\/wp\/v2\/users\/1"}],"replies":[{"embeddable":true,"href":"https:\/\/chouetteavoir.ca\/en\/wp-json\/wp\/v2\/comments?post=14819"}],"version-history":[{"count":2,"href":"https:\/\/chouetteavoir.ca\/en\/wp-json\/wp\/v2\/pages\/14819\/revisions"}],"predecessor-version":[{"id":14821,"href":"https:\/\/chouetteavoir.ca\/en\/wp-json\/wp\/v2\/pages\/14819\/revisions\/14821"}],"wp:attachment":[{"href":"https:\/\/chouetteavoir.ca\/en\/wp-json\/wp\/v2\/media?parent=14819"}],"curies":[{"name":"wp","href":"https:\/\/api.w.org\/{rel}","templated":true}]}}