{"id":14811,"date":"2022-01-12T14:58:17","date_gmt":"2022-01-12T19:58:17","guid":{"rendered":"https:\/\/chouetteavoir.ca\/billetterie-en-ligne\/"},"modified":"2026-02-09T09:57:56","modified_gmt":"2026-02-09T14:57:56","slug":"online-ticketing","status":"publish","type":"page","link":"https:\/\/chouetteavoir.ca\/en\/online-ticketing\/","title":{"rendered":"Online ticketing"},"content":{"rendered":"<div class=\"wpb-content-wrapper\"><p>[vc_row full_width=&#8221;stretch_row_content_no_spaces&#8221; equal_height=&#8221;yes&#8221; content_placement=&#8221;middle&#8221; hide_bg_image_on_tablet=&#8221;&#8221; hide_bg_image_on_mobile=&#8221;&#8221; shape_divider_top_front=&#8221;&#8221; shape_divider_bottom_front=&#8221;&#8221;][vc_column width=&#8221;3\/4&#8243; hide_bg_image_on_tablet=&#8221;&#8221; hide_bg_image_on_mobile=&#8221;&#8221; icons_position=&#8221;left&#8221; css=&#8221;.vc_custom_1643051991698{background-color: #f4f2ef !important;}&#8221; el_class=&#8221;contact-block-with-padding&#8221; offset=&#8221;vc_hidden-sm vc_hidden-xs&#8221;][vc_empty_space height=&#8221;16px&#8221; hide_on_wide=&#8221;&#8221; hide_on_desktop=&#8221;&#8221; hide_on_notebook=&#8221;&#8221; hide_on_tablet=&#8221;&#8221; hide_on_mobile=&#8221;&#8221; css=&#8221;.vc_custom_1686844927669{margin-bottom: 0rem !important;}&#8221;]<div id=\"sc_title_1569466224\"\n\t\tclass=\"sc_title sc_title_default\"><h2 class=\"sc_item_title sc_title_title sc_align_left sc_item_title_style_default sc_item_title_tag\">Season 2026<\/h2><\/div><!-- \/.sc_title -->[vc_empty_space height=&#8221;16px&#8221; hide_on_wide=&#8221;&#8221; hide_on_desktop=&#8221;&#8221; hide_on_notebook=&#8221;&#8221; hide_on_tablet=&#8221;&#8221; hide_on_mobile=&#8221;&#8221; css=&#8221;.vc_custom_1686844927669{margin-bottom: 0rem !important;}&#8221;]<div id=\"sc_title_478585883\"\n\t\tclass=\"sc_title sc_title_default\"><h5 class=\"sc_item_subtitle sc_title_subtitle sc_align_left sc_item_title_style_default\">January 2nd to June 15th<\/h5><\/div><!-- \/.sc_title -->[vc_column_text css=&#8221;&#8221;]Daily ticketing service for 2026. Online reservations recommended, with the option of buying tickets at the site entrance, depending on parking availability.[\/vc_column_text][vc_empty_space height=&#8221;16px&#8221; hide_on_wide=&#8221;&#8221; hide_on_desktop=&#8221;&#8221; hide_on_notebook=&#8221;&#8221; hide_on_tablet=&#8221;&#8221; hide_on_mobile=&#8221;&#8221; css=&#8221;.vc_custom_1686844927669{margin-bottom: 0rem !important;}&#8221;]<a href=\"https:\/\/www.zeffy.com\/en-CA\/ticketing\/2026-billetterie-chouette-a-voir\" id=\"sc_button_560935915\" class=\"sc_button sc_button_default sc_button_size_normal sc_button_icon_left\" target=\"_blank\"><span class=\"sc_button_text\"><span class=\"sc_button_title\">Book your visit<\/span><\/span><!-- \/.sc_button_text --><\/a><!-- \/.sc_button -->[vc_separator css=&#8221;.vc_custom_1685615267810{margin-top: 15px !important;margin-bottom: 20px !important;}&#8221;][vc_empty_space height=&#8221;16px&#8221; hide_on_wide=&#8221;&#8221; hide_on_desktop=&#8221;&#8221; hide_on_notebook=&#8221;&#8221; hide_on_tablet=&#8221;&#8221; hide_on_mobile=&#8221;&#8221; css=&#8221;.vc_custom_1686844927669{margin-bottom: 0rem !important;}&#8221;]<div id=\"sc_title_209620084\"\n\t\tclass=\"sc_title sc_title_default\"><h2 class=\"sc_item_title sc_title_title sc_align_left sc_item_title_style_default sc_item_title_tag\">Winter Safari Night<\/h2><\/div><!-- \/.sc_title -->[vc_empty_space height=&#8221;16px&#8221; hide_on_wide=&#8221;&#8221; hide_on_desktop=&#8221;&#8221; hide_on_notebook=&#8221;&#8221; hide_on_tablet=&#8221;&#8221; hide_on_mobile=&#8221;&#8221; css=&#8221;.vc_custom_1686844927669{margin-bottom: 0rem !important;}&#8221;]<div id=\"sc_title_578311333\"\n\t\tclass=\"sc_title sc_title_default\"><h5 class=\"sc_item_subtitle sc_title_subtitle sc_align_left sc_item_title_style_default\">February 28th 2026<\/h5><\/div><!-- \/.sc_title -->[vc_column_text css=&#8221;&#8221;]<em><strong>Chouette \u00e0 voir!<\/strong><\/em>\u00a0invites you to a lovely evening with family or friends to observe nocturnal birds of prey.<\/p>\n<p>February 28th 2026, 7:00 p.m. to 9:00 p.m.<\/p>\n<p>Reservation recquired, limited number![\/vc_column_text][vc_empty_space height=&#8221;16px&#8221; hide_on_wide=&#8221;&#8221; hide_on_desktop=&#8221;&#8221; hide_on_notebook=&#8221;&#8221; hide_on_tablet=&#8221;&#8221; hide_on_mobile=&#8221;&#8221; css=&#8221;.vc_custom_1686844927669{margin-bottom: 0rem !important;}&#8221;]<a href=\"https:\/\/www.zeffy.com\/en-CA\/ticketing\/2026-safari-nocturne-hivernal\" id=\"sc_button_1113555496\" class=\"sc_button sc_button_default sc_button_size_normal sc_button_icon_left\" target=\"_blank\"><span class=\"sc_button_text\"><span class=\"sc_button_title\">Book now<\/span><\/span><!-- \/.sc_button_text --><\/a><!-- \/.sc_button -->[vc_separator css=&#8221;.vc_custom_1685615267810{margin-top: 15px !important;margin-bottom: 20px !important;}&#8221;][vc_empty_space height=&#8221;16px&#8221; hide_on_wide=&#8221;&#8221; hide_on_desktop=&#8221;&#8221; hide_on_notebook=&#8221;&#8221; hide_on_tablet=&#8221;&#8221; hide_on_mobile=&#8221;&#8221; css=&#8221;.vc_custom_1686844927669{margin-bottom: 0rem !important;}&#8221;]<div id=\"sc_title_1447450077\"\n\t\tclass=\"sc_title sc_title_default\"><h2 class=\"sc_item_title sc_title_title sc_align_left sc_item_title_style_default sc_item_title_tag\">Group package<\/h2><\/div><!-- \/.sc_title -->[vc_empty_space height=&#8221;16px&#8221; hide_on_wide=&#8221;&#8221; hide_on_desktop=&#8221;&#8221; hide_on_notebook=&#8221;&#8221; hide_on_tablet=&#8221;&#8221; hide_on_mobile=&#8221;&#8221; css=&#8221;.vc_custom_1686844927669{margin-bottom: 0rem !important;}&#8221;]<div id=\"sc_title_796861040\"\n\t\tclass=\"sc_title sc_title_default\"><h5 class=\"sc_item_subtitle sc_title_subtitle sc_align_left sc_item_title_style_default\">Valid for 10 adults or more<\/h5><\/div><!-- \/.sc_title -->[vc_column_text css=&#8221;&#8221;]This ticketing service is intended for people wishing to book a day to our Chouette \u00e0 voir! site for a group of more than 10 people. Reservations required, places limited. You can also call to book your visit: 579-489-6100 #600<\/p>\n<p>We are able to book your group outside our typical open hours. You must contact us to book your VIP visit[\/vc_column_text][vc_empty_space height=&#8221;16px&#8221; hide_on_wide=&#8221;&#8221; hide_on_desktop=&#8221;&#8221; hide_on_notebook=&#8221;&#8221; hide_on_tablet=&#8221;&#8221; hide_on_mobile=&#8221;&#8221; css=&#8221;.vc_custom_1686844927669{margin-bottom: 0rem !important;}&#8221;]<a href=\"https:\/\/www.zeffy.com\/en-CA\/ticketing\/2026-billetterie-de-groupes-chouette-a-voir\" id=\"sc_button_1059749396\" class=\"sc_button sc_button_default sc_button_size_normal sc_button_icon_left\" target=\"_blank\"><span class=\"sc_button_text\"><span class=\"sc_button_title\">Book now<\/span><\/span><!-- \/.sc_button_text --><\/a><!-- \/.sc_button -->[\/vc_column][vc_column width=&#8221;1\/4&#8243; icons_position=&#8221;left&#8221; offset=&#8221;vc_hidden-sm vc_hidden-xs&#8221;][vc_single_image image=&#8221;13625&#8243; img_size=&#8221;full&#8221; css=&#8221;&#8221;][\/vc_column][\/vc_row][vc_row full_width=&#8221;stretch_row_content&#8221; equal_height=&#8221;yes&#8221; content_placement=&#8221;middle&#8221; hide_bg_image_on_tablet=&#8221;&#8221; hide_bg_image_on_mobile=&#8221;&#8221; shape_divider_top_front=&#8221;&#8221; shape_divider_bottom_front=&#8221;&#8221;][vc_column hide_bg_image_on_tablet=&#8221;&#8221; hide_bg_image_on_mobile=&#8221;&#8221; icons_position=&#8221;left&#8221; css=&#8221;.vc_custom_1643052149900{background-color: #f4f2ef !important;}&#8221; offset=&#8221;vc_hidden-lg vc_hidden-md&#8221;][vc_empty_space alter_height=&#8221;small&#8221; hide_on_desktop=&#8221;&#8221; hide_on_notebook=&#8221;&#8221; hide_on_tablet=&#8221;&#8221; hide_on_mobile=&#8221;&#8221; css=&#8221;.vc_custom_1529407275038{margin-bottom: 0rem !important;}&#8221;]<div id=\"sc_title_1669864502\"\n\t\tclass=\"sc_title sc_title_default\"><h2 class=\"sc_item_title sc_title_title sc_align_left sc_item_title_style_default sc_item_title_tag\">Season 2025<\/h2><\/div><!-- \/.sc_title -->[vc_empty_space height=&#8221;16px&#8221; hide_on_wide=&#8221;&#8221; hide_on_desktop=&#8221;&#8221; hide_on_notebook=&#8221;&#8221; hide_on_tablet=&#8221;&#8221; hide_on_mobile=&#8221;&#8221; css=&#8221;.vc_custom_1686844927669{margin-bottom: 0rem !important;}&#8221;]<div id=\"sc_title_1424427980\"\n\t\tclass=\"sc_title sc_title_default\"><h5 class=\"sc_item_subtitle sc_title_subtitle sc_align_left sc_item_title_style_default\">Until December 30th 2025<\/h5><\/div><!-- \/.sc_title -->[vc_empty_space height=&#8221;16px&#8221; hide_on_wide=&#8221;&#8221; hide_on_desktop=&#8221;&#8221; hide_on_notebook=&#8221;&#8221; hide_on_tablet=&#8221;&#8221; hide_on_mobile=&#8221;&#8221; css=&#8221;.vc_custom_1686844927669{margin-bottom: 0rem !important;}&#8221;][vc_column_text css=&#8221;&#8221;]For people wishing to book for one day in 2025. Online reservations recommended, with the option of buying tickets at the site entrance, depending on parking availability.[\/vc_column_text][vc_empty_space height=&#8221;16px&#8221; hide_on_wide=&#8221;&#8221; hide_on_desktop=&#8221;&#8221; hide_on_notebook=&#8221;&#8221; hide_on_tablet=&#8221;&#8221; hide_on_mobile=&#8221;&#8221; css=&#8221;.vc_custom_1686844927669{margin-bottom: 0rem !important;}&#8221;]<a href=\"https:\/\/www.zeffy.com\/en-CA\/ticketing\/2025-billetterie-estivale-chouette-a-voir\" id=\"sc_button_2027813496\" class=\"sc_button sc_button_default sc_button_size_normal sc_button_icon_left\" target=\"_blank\"><span class=\"sc_button_text\"><span class=\"sc_button_title\">Book your visit<\/span><\/span><!-- \/.sc_button_text --><\/a><!-- \/.sc_button -->[vc_separator][vc_empty_space alter_height=&#8221;small&#8221; hide_on_desktop=&#8221;&#8221; hide_on_notebook=&#8221;&#8221; hide_on_tablet=&#8221;&#8221; hide_on_mobile=&#8221;&#8221; css=&#8221;.vc_custom_1529407275038{margin-bottom: 0rem !important;}&#8221;]<div id=\"sc_title_2041319100\"\n\t\tclass=\"sc_title sc_title_default\"><h2 class=\"sc_item_title sc_title_title sc_align_left sc_item_title_style_default sc_item_title_tag\">Season 2026<\/h2><\/div><!-- \/.sc_title -->[vc_empty_space height=&#8221;16px&#8221; hide_on_wide=&#8221;&#8221; hide_on_desktop=&#8221;&#8221; hide_on_notebook=&#8221;&#8221; hide_on_tablet=&#8221;&#8221; hide_on_mobile=&#8221;&#8221; css=&#8221;.vc_custom_1686844927669{margin-bottom: 0rem !important;}&#8221;]<div id=\"sc_title_1476827697\"\n\t\tclass=\"sc_title sc_title_default\"><h5 class=\"sc_item_subtitle sc_title_subtitle sc_align_left sc_item_title_style_default\">January 2nd to June 1st 2026<\/h5><\/div><!-- \/.sc_title -->[vc_empty_space height=&#8221;16px&#8221; hide_on_wide=&#8221;&#8221; hide_on_desktop=&#8221;&#8221; hide_on_notebook=&#8221;&#8221; hide_on_tablet=&#8221;&#8221; hide_on_mobile=&#8221;&#8221; css=&#8221;.vc_custom_1686844927669{margin-bottom: 0rem !important;}&#8221;][vc_column_text css=&#8221;&#8221;]For people wishing to book for one day in 2026. Online reservations recommended, with the option of buying tickets at the site entrance, depending on parking availability.[\/vc_column_text][vc_empty_space height=&#8221;16px&#8221; hide_on_wide=&#8221;&#8221; hide_on_desktop=&#8221;&#8221; hide_on_notebook=&#8221;&#8221; hide_on_tablet=&#8221;&#8221; hide_on_mobile=&#8221;&#8221; css=&#8221;.vc_custom_1686844927669{margin-bottom: 0rem !important;}&#8221;]<a href=\"https:\/\/www.zeffy.com\/en-CA\/ticketing\/2026-billetterie-chouette-a-voir\" id=\"sc_button_1787279818\" class=\"sc_button sc_button_default sc_button_size_normal sc_button_icon_left\" target=\"_blank\"><span class=\"sc_button_text\"><span class=\"sc_button_title\">Book your visit<\/span><\/span><!-- \/.sc_button_text --><\/a><!-- \/.sc_button -->[vc_separator][vc_empty_space height=&#8221;16px&#8221; hide_on_wide=&#8221;&#8221; hide_on_desktop=&#8221;&#8221; hide_on_notebook=&#8221;&#8221; hide_on_tablet=&#8221;&#8221; hide_on_mobile=&#8221;&#8221; css=&#8221;.vc_custom_1686844927669{margin-bottom: 0rem !important;}&#8221;]<div id=\"sc_title_1226753871\"\n\t\tclass=\"sc_title sc_title_default\"><h2 class=\"sc_item_title sc_title_title sc_align_left sc_item_title_style_default sc_item_title_tag\">Group package<\/h2><\/div><!-- \/.sc_title -->[vc_empty_space height=&#8221;16px&#8221; hide_on_wide=&#8221;&#8221; hide_on_desktop=&#8221;&#8221; hide_on_notebook=&#8221;&#8221; hide_on_tablet=&#8221;&#8221; hide_on_mobile=&#8221;&#8221; css=&#8221;.vc_custom_1686844927669{margin-bottom: 0rem !important;}&#8221;]<div id=\"sc_title_104527373\"\n\t\tclass=\"sc_title sc_title_default\"><h5 class=\"sc_item_subtitle sc_title_subtitle sc_align_left sc_item_title_style_default\">Valid for 10 adults or more<\/h5><\/div><!-- \/.sc_title -->[vc_empty_space height=&#8221;16px&#8221; hide_on_wide=&#8221;&#8221; hide_on_desktop=&#8221;&#8221; hide_on_notebook=&#8221;&#8221; hide_on_tablet=&#8221;&#8221; hide_on_mobile=&#8221;&#8221; css=&#8221;.vc_custom_1686844927669{margin-bottom: 0rem !important;}&#8221;][vc_column_text css=&#8221;&#8221;]This ticketing service is intended for people wishing to book a day to our Chouette \u00e0 voir! site for a group of more than 10 people. Reservations required, places limited. You can also call to book your visit: 579-489-6100 #600<\/p>\n<p>We are able to book your group outside our typical open hours. You must contact us to book your VIP visit[\/vc_column_text][vc_empty_space height=&#8221;16px&#8221; hide_on_wide=&#8221;&#8221; hide_on_desktop=&#8221;&#8221; hide_on_notebook=&#8221;&#8221; hide_on_tablet=&#8221;&#8221; hide_on_mobile=&#8221;&#8221; css=&#8221;.vc_custom_1686844927669{margin-bottom: 0rem !important;}&#8221;]<a href=\"https:\/\/www.zeffy.com\/en-CA\/ticketing\/billetterie-pour-forfait-de-groupe--2025\" id=\"sc_button_1669508636\" class=\"sc_button sc_button_default sc_button_size_normal sc_button_icon_left\" target=\"_blank\"><span class=\"sc_button_text\"><span class=\"sc_button_title\">Book for 2025<\/span><\/span><!-- \/.sc_button_text --><\/a><!-- \/.sc_button --><a href=\"https:\/\/www.zeffy.com\/en-CA\/ticketing\/2026-billetterie-de-groupes-chouette-a-voir\" id=\"sc_button_1828568925\" class=\"sc_button sc_button_default sc_button_size_normal sc_button_icon_left\" target=\"_blank\"><span class=\"sc_button_text\"><span class=\"sc_button_title\">Book for 2026<\/span><\/span><!-- \/.sc_button_text --><\/a><!-- \/.sc_button -->[vc_separator][vc_single_image image=&#8221;14425&#8243; img_size=&#8221;full&#8221; alignment=&#8221;center&#8221; css=&#8221;&#8221;][vc_empty_space alter_height=&#8221;small&#8221; hide_on_desktop=&#8221;&#8221; hide_on_notebook=&#8221;&#8221; hide_on_tablet=&#8221;&#8221; hide_on_mobile=&#8221;&#8221; css=&#8221;.vc_custom_1529407275038{margin-bottom: 0rem !important;}&#8221;][\/vc_column][\/vc_row][vc_row full_width=&#8221;stretch_row_content_no_spaces&#8221;][vc_column icons_position=&#8221;left&#8221;][vc_empty_space]<div id=\"sc_googlemap_1317143385_wrap\" class=\"sc_googlemap_wrap\"><div id=\"sc_googlemap_1317143385\"\n\t\t\t   class=\"sc_googlemap sc_googlemap_default trx_addons_inline_2026288351\"\n\t\t\t\t\t\t   data-zoom=\"13\"\n\t\t\t   data-center=\"\"\n\t\t\t   data-style=\"dark\"\n\t\t\t   data-cluster-icon=\"\"\n\t\t\t><iframe\n\t\t\t\t\tsrc=\"https:\/\/maps.google.com\/maps?t=m&output=embed&iwloc=near&z=13&q=Chouette+%C3%A0+voir%21\"\n\t\t\t\t\tscrolling=\"no\"\n\t\t\t\t\tmarginheight=\"0\"\n\t\t\t\t\tmarginwidth=\"0\"\n\t\t\t\t\tframeborder=\"0\"\n\t\t\t\t\taria-label=\"\"><\/iframe><\/div><\/div><!-- \/.sc_googlemap_wrap -->[\/vc_column][\/vc_row]<\/p>\n<\/div>","protected":false},"excerpt":{"rendered":"<p>[vc_row full_width=&#8221;stretch_row_content_no_spaces&#8221; equal_height=&#8221;yes&#8221; content_placement=&#8221;middle&#8221; hide_bg_image_on_tablet=&#8221;&#8221; hide_bg_image_on_mobile=&#8221;&#8221; shape_divider_top_front=&#8221;&#8221; shape_divider_bottom_front=&#8221;&#8221;][vc_column width=&#8221;3\/4&#8243; hide_bg_image_on_tablet=&#8221;&#8221; hide_bg_image_on_mobile=&#8221;&#8221; icons_position=&#8221;left&#8221; css=&#8221;.vc_custom_1643051991698{background-color: #f4f2ef !important;}&#8221; el_class=&#8221;contact-block-with-padding&#8221; offset=&#8221;vc_hidden-sm vc_hidden-xs&#8221;][vc_empty_space height=&#8221;16px&#8221; hide_on_wide=&#8221;&#8221; hide_on_desktop=&#8221;&#8221; hide_on_notebook=&#8221;&#8221; hide_on_tablet=&#8221;&#8221; hide_on_mobile=&#8221;&#8221; css=&#8221;.vc_custom_1686844927669{margin-bottom: 0rem !important;}&#8221;][vc_empty_space height=&#8221;16px&#8221;&hellip;<\/p>\n","protected":false},"author":990007,"featured_media":0,"parent":0,"menu_order":0,"comment_status":"closed","ping_status":"closed","template":"","meta":{"_monsterinsights_skip_tracking":false,"_monsterinsights_sitenote_active":false,"_monsterinsights_sitenote_note":"","_monsterinsights_sitenote_category":0,"footnotes":""},"class_list":["post-14811","page","type-page","status-publish","hentry"],"yoast_head":"<!-- This site is optimized with the Yoast SEO plugin v27.2 - https:\/\/yoast.com\/product\/yoast-seo-wordpress\/ -->\n<title>Online ticketing | Chouette \u00e0 Voir !<\/title>\n<meta name=\"robots\" content=\"index, follow, max-snippet:-1, max-image-preview:large, max-video-preview:-1\" \/>\n<link rel=\"canonical\" href=\"https:\/\/chouetteavoir.ca\/en\/online-ticketing\/\" \/>\n<meta property=\"og:locale\" content=\"en_US\" \/>\n<meta property=\"og:type\" content=\"article\" \/>\n<meta property=\"og:title\" content=\"Online ticketing | Chouette \u00e0 Voir !\" \/>\n<meta property=\"og:description\" content=\"[vc_row full_width=&#8221;stretch_row_content_no_spaces&#8221; equal_height=&#8221;yes&#8221; content_placement=&#8221;middle&#8221; hide_bg_image_on_tablet=&#8221;&#8221; hide_bg_image_on_mobile=&#8221;&#8221; shape_divider_top_front=&#8221;&#8221; shape_divider_bottom_front=&#8221;&#8221;][vc_column width=&#8221;3\/4&#8243; hide_bg_image_on_tablet=&#8221;&#8221; hide_bg_image_on_mobile=&#8221;&#8221; icons_position=&#8221;left&#8221; css=&#8221;.vc_custom_1643051991698{background-color: #f4f2ef !important;}&#8221; el_class=&#8221;contact-block-with-padding&#8221; offset=&#8221;vc_hidden-sm vc_hidden-xs&#8221;][vc_empty_space height=&#8221;16px&#8221; hide_on_wide=&#8221;&#8221; hide_on_desktop=&#8221;&#8221; hide_on_notebook=&#8221;&#8221; hide_on_tablet=&#8221;&#8221; hide_on_mobile=&#8221;&#8221; css=&#8221;.vc_custom_1686844927669{margin-bottom: 0rem !important;}&#8221;][vc_empty_space height=&#8221;16px&#8221;&hellip;\" \/>\n<meta property=\"og:url\" content=\"https:\/\/chouetteavoir.ca\/en\/online-ticketing\/\" \/>\n<meta property=\"og:site_name\" content=\"Chouette \u00e0 Voir !\" \/>\n<meta property=\"article:publisher\" content=\"https:\/\/www.facebook.com\/chouetteavoir\/\" \/>\n<meta property=\"article:modified_time\" content=\"2026-02-09T14:57:56+00:00\" \/>\n<meta property=\"og:image\" content=\"https:\/\/chouetteavoir.ca\/wp-content\/uploads\/2021\/06\/CAV-officiel-1.jpg\" \/>\n\t<meta property=\"og:image:width\" content=\"1000\" \/>\n\t<meta property=\"og:image:height\" content=\"633\" \/>\n\t<meta property=\"og:image:type\" content=\"image\/jpeg\" \/>\n<meta name=\"twitter:card\" content=\"summary_large_image\" \/>\n<meta name=\"twitter:site\" content=\"@UQROP\" \/>\n<meta name=\"twitter:label1\" content=\"Est. reading time\" \/>\n\t<meta name=\"twitter:data1\" content=\"4 minutes\" \/>\n<script type=\"application\/ld+json\" class=\"yoast-schema-graph\">{\"@context\":\"https:\/\/schema.org\",\"@graph\":[{\"@type\":\"WebPage\",\"@id\":\"https:\/\/chouetteavoir.ca\/en\/online-ticketing\/\",\"url\":\"https:\/\/chouetteavoir.ca\/en\/online-ticketing\/\",\"name\":\"Online ticketing | Chouette \u00e0 Voir !\",\"isPartOf\":{\"@id\":\"https:\/\/chouetteavoir.ca\/en\/#website\"},\"datePublished\":\"2022-01-12T19:58:17+00:00\",\"dateModified\":\"2026-02-09T14:57:56+00:00\",\"breadcrumb\":{\"@id\":\"https:\/\/chouetteavoir.ca\/en\/online-ticketing\/#breadcrumb\"},\"inLanguage\":\"en-US\",\"potentialAction\":[{\"@type\":\"ReadAction\",\"target\":[\"https:\/\/chouetteavoir.ca\/en\/online-ticketing\/\"]}]},{\"@type\":\"BreadcrumbList\",\"@id\":\"https:\/\/chouetteavoir.ca\/en\/online-ticketing\/#breadcrumb\",\"itemListElement\":[{\"@type\":\"ListItem\",\"position\":1,\"name\":\"Accueil\",\"item\":\"https:\/\/chouetteavoir.ca\/en\/\"},{\"@type\":\"ListItem\",\"position\":2,\"name\":\"Online ticketing\"}]},{\"@type\":\"WebSite\",\"@id\":\"https:\/\/chouetteavoir.ca\/en\/#website\",\"url\":\"https:\/\/chouetteavoir.ca\/en\/\",\"name\":\"Chouette \u00e0 Voir !\",\"description\":\"Le Qu\u00e9bec compte 27 esp\u00e8ces d\u2019oiseaux de proie, toutes prot\u00e9g\u00e9es, dont 5 sont vuln\u00e9rables.\",\"publisher\":{\"@id\":\"https:\/\/chouetteavoir.ca\/en\/#organization\"},\"potentialAction\":[{\"@type\":\"SearchAction\",\"target\":{\"@type\":\"EntryPoint\",\"urlTemplate\":\"https:\/\/chouetteavoir.ca\/en\/?s={search_term_string}\"},\"query-input\":{\"@type\":\"PropertyValueSpecification\",\"valueRequired\":true,\"valueName\":\"search_term_string\"}}],\"inLanguage\":\"en-US\"},{\"@type\":\"Organization\",\"@id\":\"https:\/\/chouetteavoir.ca\/en\/#organization\",\"name\":\"Chouette \u00e0 Voir!\",\"url\":\"https:\/\/chouetteavoir.ca\/en\/\",\"logo\":{\"@type\":\"ImageObject\",\"inLanguage\":\"en-US\",\"@id\":\"https:\/\/chouetteavoir.ca\/en\/#\/schema\/logo\/image\/\",\"url\":\"https:\/\/chouetteavoir.ca\/wp-content\/uploads\/2021\/02\/logo_chouette_a_voir-2.png\",\"contentUrl\":\"https:\/\/chouetteavoir.ca\/wp-content\/uploads\/2021\/02\/logo_chouette_a_voir-2.png\",\"width\":208,\"height\":120,\"caption\":\"Chouette \u00e0 Voir!\"},\"image\":{\"@id\":\"https:\/\/chouetteavoir.ca\/en\/#\/schema\/logo\/image\/\"},\"sameAs\":[\"https:\/\/www.facebook.com\/chouetteavoir\/\",\"https:\/\/x.com\/UQROP\",\"https:\/\/www.instagram.com\/chouette_a_voir\/\",\"https:\/\/www.youtube.com\/channel\/UCc6U0zsiNJuOtMV1SbvKisw\"]}]}<\/script>\n<!-- \/ Yoast SEO plugin. -->","yoast_head_json":{"title":"Online ticketing | Chouette \u00e0 Voir !","robots":{"index":"index","follow":"follow","max-snippet":"max-snippet:-1","max-image-preview":"max-image-preview:large","max-video-preview":"max-video-preview:-1"},"canonical":"https:\/\/chouetteavoir.ca\/en\/online-ticketing\/","og_locale":"en_US","og_type":"article","og_title":"Online ticketing | Chouette \u00e0 Voir !","og_description":"[vc_row full_width=&#8221;stretch_row_content_no_spaces&#8221; equal_height=&#8221;yes&#8221; content_placement=&#8221;middle&#8221; hide_bg_image_on_tablet=&#8221;&#8221; hide_bg_image_on_mobile=&#8221;&#8221; shape_divider_top_front=&#8221;&#8221; shape_divider_bottom_front=&#8221;&#8221;][vc_column width=&#8221;3\/4&#8243; hide_bg_image_on_tablet=&#8221;&#8221; hide_bg_image_on_mobile=&#8221;&#8221; icons_position=&#8221;left&#8221; css=&#8221;.vc_custom_1643051991698{background-color: #f4f2ef !important;}&#8221; el_class=&#8221;contact-block-with-padding&#8221; offset=&#8221;vc_hidden-sm vc_hidden-xs&#8221;][vc_empty_space height=&#8221;16px&#8221; hide_on_wide=&#8221;&#8221; hide_on_desktop=&#8221;&#8221; hide_on_notebook=&#8221;&#8221; hide_on_tablet=&#8221;&#8221; hide_on_mobile=&#8221;&#8221; css=&#8221;.vc_custom_1686844927669{margin-bottom: 0rem !important;}&#8221;][vc_empty_space height=&#8221;16px&#8221;&hellip;","og_url":"https:\/\/chouetteavoir.ca\/en\/online-ticketing\/","og_site_name":"Chouette \u00e0 Voir !","article_publisher":"https:\/\/www.facebook.com\/chouetteavoir\/","article_modified_time":"2026-02-09T14:57:56+00:00","og_image":[{"width":1000,"height":633,"url":"https:\/\/chouetteavoir.ca\/wp-content\/uploads\/2021\/06\/CAV-officiel-1.jpg","type":"image\/jpeg"}],"twitter_card":"summary_large_image","twitter_site":"@UQROP","twitter_misc":{"Est. reading time":"4 minutes"},"schema":{"@context":"https:\/\/schema.org","@graph":[{"@type":"WebPage","@id":"https:\/\/chouetteavoir.ca\/en\/online-ticketing\/","url":"https:\/\/chouetteavoir.ca\/en\/online-ticketing\/","name":"Online ticketing | Chouette \u00e0 Voir !","isPartOf":{"@id":"https:\/\/chouetteavoir.ca\/en\/#website"},"datePublished":"2022-01-12T19:58:17+00:00","dateModified":"2026-02-09T14:57:56+00:00","breadcrumb":{"@id":"https:\/\/chouetteavoir.ca\/en\/online-ticketing\/#breadcrumb"},"inLanguage":"en-US","potentialAction":[{"@type":"ReadAction","target":["https:\/\/chouetteavoir.ca\/en\/online-ticketing\/"]}]},{"@type":"BreadcrumbList","@id":"https:\/\/chouetteavoir.ca\/en\/online-ticketing\/#breadcrumb","itemListElement":[{"@type":"ListItem","position":1,"name":"Accueil","item":"https:\/\/chouetteavoir.ca\/en\/"},{"@type":"ListItem","position":2,"name":"Online ticketing"}]},{"@type":"WebSite","@id":"https:\/\/chouetteavoir.ca\/en\/#website","url":"https:\/\/chouetteavoir.ca\/en\/","name":"Chouette \u00e0 Voir !","description":"Le Qu\u00e9bec compte 27 esp\u00e8ces d\u2019oiseaux de proie, toutes prot\u00e9g\u00e9es, dont 5 sont vuln\u00e9rables.","publisher":{"@id":"https:\/\/chouetteavoir.ca\/en\/#organization"},"potentialAction":[{"@type":"SearchAction","target":{"@type":"EntryPoint","urlTemplate":"https:\/\/chouetteavoir.ca\/en\/?s={search_term_string}"},"query-input":{"@type":"PropertyValueSpecification","valueRequired":true,"valueName":"search_term_string"}}],"inLanguage":"en-US"},{"@type":"Organization","@id":"https:\/\/chouetteavoir.ca\/en\/#organization","name":"Chouette \u00e0 Voir!","url":"https:\/\/chouetteavoir.ca\/en\/","logo":{"@type":"ImageObject","inLanguage":"en-US","@id":"https:\/\/chouetteavoir.ca\/en\/#\/schema\/logo\/image\/","url":"https:\/\/chouetteavoir.ca\/wp-content\/uploads\/2021\/02\/logo_chouette_a_voir-2.png","contentUrl":"https:\/\/chouetteavoir.ca\/wp-content\/uploads\/2021\/02\/logo_chouette_a_voir-2.png","width":208,"height":120,"caption":"Chouette \u00e0 Voir!"},"image":{"@id":"https:\/\/chouetteavoir.ca\/en\/#\/schema\/logo\/image\/"},"sameAs":["https:\/\/www.facebook.com\/chouetteavoir\/","https:\/\/x.com\/UQROP","https:\/\/www.instagram.com\/chouette_a_voir\/","https:\/\/www.youtube.com\/channel\/UCc6U0zsiNJuOtMV1SbvKisw"]}]}},"_links":{"self":[{"href":"https:\/\/chouetteavoir.ca\/en\/wp-json\/wp\/v2\/pages\/14811","targetHints":{"allow":["GET"]}}],"collection":[{"href":"https:\/\/chouetteavoir.ca\/en\/wp-json\/wp\/v2\/pages"}],"about":[{"href":"https:\/\/chouetteavoir.ca\/en\/wp-json\/wp\/v2\/types\/page"}],"author":[{"embeddable":true,"href":"https:\/\/chouetteavoir.ca\/en\/wp-json\/wp\/v2\/users\/990007"}],"replies":[{"embeddable":true,"href":"https:\/\/chouetteavoir.ca\/en\/wp-json\/wp\/v2\/comments?post=14811"}],"version-history":[{"count":42,"href":"https:\/\/chouetteavoir.ca\/en\/wp-json\/wp\/v2\/pages\/14811\/revisions"}],"predecessor-version":[{"id":16131,"href":"https:\/\/chouetteavoir.ca\/en\/wp-json\/wp\/v2\/pages\/14811\/revisions\/16131"}],"wp:attachment":[{"href":"https:\/\/chouetteavoir.ca\/en\/wp-json\/wp\/v2\/media?parent=14811"}],"curies":[{"name":"wp","href":"https:\/\/api.w.org\/{rel}","templated":true}]}}