{"id":14756,"date":"2018-04-10T14:47:50","date_gmt":"2018-04-10T14:47:50","guid":{"rendered":"https:\/\/chouetteavoir.ca\/nous-joindre\/"},"modified":"2025-03-20T15:08:29","modified_gmt":"2025-03-20T19:08:29","slug":"contact-us","status":"publish","type":"page","link":"https:\/\/chouetteavoir.ca\/en\/contact-us\/","title":{"rendered":"Contact us"},"content":{"rendered":"<div class=\"wpb-content-wrapper\"><p>[vc_row][vc_column icons_position=&#8221;left&#8221;][vc_empty_space alter_height=&#8221;large&#8221; hide_on_desktop=&#8221;&#8221; hide_on_notebook=&#8221;&#8221; hide_on_tablet=&#8221;&#8221; hide_on_mobile=&#8221;&#8221; css=&#8221;.vc_custom_1528883213606{margin-bottom: 0.5rem !important;}&#8221;]<div id=\"sc_icons_1779740683\" \n\tclass=\"sc_icons sc_icons_default sc_icons_size_small sc_align_center\"><div class=\"sc_icons_columns_wrap sc_item_columns trx_addons_columns_wrap columns_padding_bottom\"><div class=\"trx_addons_column-1_3\"><div class=\"sc_icons_item sc_icons_item_linked\"><div id=\"sc_icons_1779740683_icon-placeholder\" class=\"sc_icons_icon sc_icon_type_ icon-placeholder\" style=\"color: #ffffff\"><span class=\"sc_icon_type_ icon-placeholder\" style=\"color: #ffffff\"><\/span><\/div><div class=\"sc_icons_item_description\"><span>875, rang Salvail Sud, <\/span><span>Saint-Jude, (J0H 1P0)<\/span><\/div><a href=\"https:\/\/goo.gl\/maps\/xdgC9YaNBpByRA3z5\"\n\t\t\t\t\tclass=\"sc_icons_item_link\"><\/a><a href=\"https:\/\/goo.gl\/maps\/xdgC9YaNBpByRA3z5\"\n\t\t\tclass=\"simple-btn icon-simple-button\">read info<\/a><\/div><\/div><div class=\"trx_addons_column-1_3\"><div class=\"sc_icons_item\"><div id=\"sc_icons_1779740683_icon-phone1\" class=\"sc_icons_icon sc_icon_type_ icon-phone1\" style=\"color: #ffffff\"><span class=\"sc_icon_type_ icon-phone1\" style=\"color: #ffffff\"><\/span><\/div><div class=\"sc_icons_item_description\"><span>By phone <\/span><span><a href=\"tel:579-489-6100\">579-489-6100<\/a><\/span><\/div><\/div><\/div><div class=\"trx_addons_column-1_3\"><div class=\"sc_icons_item\"><div id=\"sc_icons_1779740683_icon-close-envelope\" class=\"sc_icons_icon sc_icon_type_ icon-close-envelope\" style=\"color: #ffffff\"><span class=\"sc_icon_type_ icon-close-envelope\" style=\"color: #ffffff\"><\/span><\/div><div class=\"sc_icons_item_description\"><span>by email <\/span><span><a href='mailto:info@uqrop.qc.ca'>info@uqrop.qc.ca<\/a><\/span><\/div><\/div><\/div><\/div><\/div><!-- \/.sc_icons -->[\/vc_column][\/vc_row][vc_row full_width=&#8221;stretch_row_content_no_spaces&#8221; hide_bg_image_on_tablet=&#8221;&#8221; hide_bg_image_on_mobile=&#8221;&#8221; shape_divider_top_front=&#8221;&#8221; shape_divider_bottom_front=&#8221;&#8221; row_delimiter=&#8221;&#8221; hide_on_desktop=&#8221;&#8221; hide_on_notebook=&#8221;&#8221; hide_on_tablet=&#8221;&#8221; hide_on_mobile=&#8221;&#8221; hide_on_frontpage=&#8221;&#8221;][vc_column icons_position=&#8221;left&#8221;][vc_separator][vc_row_inner][vc_column_inner icons_position=&#8221;left&#8221;][vc_column_text]<iframe loading=\"lazy\" style=\"border: 0;\" src=\"https:\/\/www.google.com\/maps\/embed?pb=!1m18!1m12!1m3!1d178117.97785842445!2d-73.09052827017146!3d45.76931831967901!2m3!1f0!2f0!3f0!3m2!1i1024!2i768!4f13.1!3m3!1m2!1s0x4cc85bdd828529eb%3A0x8b7d94973f6fa0af!2sChouette%20%C3%A0%20voir*21!5e0!3m2!1sfr!2sca!4v1716496095213!5m2!1sfr!2sca\" width=\"1000\" height=\"600\" allowfullscreen=\"allowfullscreen\"><\/iframe>[\/vc_column_text][\/vc_column_inner][\/vc_row_inner][\/vc_column][\/vc_row][vc_row][vc_column icons_position=&#8221;left&#8221;][vc_separator][\/vc_column][\/vc_row]<\/p>\n<\/div>","protected":false},"excerpt":{"rendered":"<p>[vc_row][vc_column icons_position=&#8221;left&#8221;][vc_empty_space alter_height=&#8221;large&#8221; hide_on_desktop=&#8221;&#8221; hide_on_notebook=&#8221;&#8221; hide_on_tablet=&#8221;&#8221; hide_on_mobile=&#8221;&#8221; css=&#8221;.vc_custom_1528883213606{margin-bottom: 0.5rem !important;}&#8221;][\/vc_column][\/vc_row][vc_row full_width=&#8221;stretch_row_content_no_spaces&#8221; hide_bg_image_on_tablet=&#8221;&#8221; hide_bg_image_on_mobile=&#8221;&#8221; shape_divider_top_front=&#8221;&#8221; shape_divider_bottom_front=&#8221;&#8221; row_delimiter=&#8221;&#8221; hide_on_desktop=&#8221;&#8221; hide_on_notebook=&#8221;&#8221; hide_on_tablet=&#8221;&#8221; hide_on_mobile=&#8221;&#8221; hide_on_frontpage=&#8221;&#8221;][vc_column icons_position=&#8221;left&#8221;][vc_separator][vc_row_inner][vc_column_inner icons_position=&#8221;left&#8221;][vc_column_text][\/vc_column_text][\/vc_column_inner][\/vc_row_inner][\/vc_column][\/vc_row][vc_row][vc_column icons_position=&#8221;left&#8221;][vc_separator][\/vc_column][\/vc_row]<\/p>\n","protected":false},"author":1,"featured_media":0,"parent":0,"menu_order":0,"comment_status":"closed","ping_status":"closed","template":"","meta":{"_monsterinsights_skip_tracking":false,"_monsterinsights_sitenote_active":false,"_monsterinsights_sitenote_note":"","_monsterinsights_sitenote_category":0,"footnotes":""},"class_list":["post-14756","page","type-page","status-publish","hentry"],"yoast_head":"<!-- This site is optimized with the Yoast SEO plugin v27.2 - https:\/\/yoast.com\/product\/yoast-seo-wordpress\/ -->\n<title>Contact us | Chouette \u00e0 Voir !<\/title>\n<meta name=\"robots\" content=\"index, follow, max-snippet:-1, max-image-preview:large, max-video-preview:-1\" \/>\n<link rel=\"canonical\" href=\"https:\/\/chouetteavoir.ca\/en\/contact-us\/\" \/>\n<meta property=\"og:locale\" content=\"en_US\" \/>\n<meta property=\"og:type\" content=\"article\" \/>\n<meta property=\"og:title\" content=\"Contact us | Chouette \u00e0 Voir !\" \/>\n<meta property=\"og:description\" content=\"[vc_row][vc_column icons_position=&#8221;left&#8221;][vc_empty_space alter_height=&#8221;large&#8221; hide_on_desktop=&#8221;&#8221; hide_on_notebook=&#8221;&#8221; hide_on_tablet=&#8221;&#8221; hide_on_mobile=&#8221;&#8221; css=&#8221;.vc_custom_1528883213606{margin-bottom: 0.5rem !important;}&#8221;][\/vc_column][\/vc_row][vc_row full_width=&#8221;stretch_row_content_no_spaces&#8221; hide_bg_image_on_tablet=&#8221;&#8221; hide_bg_image_on_mobile=&#8221;&#8221; shape_divider_top_front=&#8221;&#8221; shape_divider_bottom_front=&#8221;&#8221; row_delimiter=&#8221;&#8221; hide_on_desktop=&#8221;&#8221; hide_on_notebook=&#8221;&#8221; hide_on_tablet=&#8221;&#8221; hide_on_mobile=&#8221;&#8221; hide_on_frontpage=&#8221;&#8221;][vc_column icons_position=&#8221;left&#8221;][vc_separator][vc_row_inner][vc_column_inner icons_position=&#8221;left&#8221;][vc_column_text][\/vc_column_text][\/vc_column_inner][\/vc_row_inner][\/vc_column][\/vc_row][vc_row][vc_column icons_position=&#8221;left&#8221;][vc_separator][\/vc_column][\/vc_row]\" \/>\n<meta property=\"og:url\" content=\"https:\/\/chouetteavoir.ca\/en\/contact-us\/\" \/>\n<meta property=\"og:site_name\" content=\"Chouette \u00e0 Voir !\" \/>\n<meta property=\"article:publisher\" content=\"https:\/\/www.facebook.com\/chouetteavoir\/\" \/>\n<meta property=\"article:modified_time\" content=\"2025-03-20T19:08:29+00:00\" \/>\n<meta property=\"og:image\" content=\"https:\/\/chouetteavoir.ca\/wp-content\/uploads\/2021\/06\/CAV-officiel-1.jpg\" \/>\n\t<meta property=\"og:image:width\" content=\"1000\" \/>\n\t<meta property=\"og:image:height\" content=\"633\" \/>\n\t<meta property=\"og:image:type\" content=\"image\/jpeg\" \/>\n<meta name=\"twitter:card\" content=\"summary_large_image\" \/>\n<meta name=\"twitter:site\" content=\"@UQROP\" \/>\n<meta name=\"twitter:label1\" content=\"Est. reading time\" \/>\n\t<meta name=\"twitter:data1\" content=\"1 minute\" \/>\n<script type=\"application\/ld+json\" class=\"yoast-schema-graph\">{\"@context\":\"https:\/\/schema.org\",\"@graph\":[{\"@type\":\"WebPage\",\"@id\":\"https:\/\/chouetteavoir.ca\/en\/contact-us\/\",\"url\":\"https:\/\/chouetteavoir.ca\/en\/contact-us\/\",\"name\":\"Contact us | Chouette \u00e0 Voir !\",\"isPartOf\":{\"@id\":\"https:\/\/chouetteavoir.ca\/en\/#website\"},\"datePublished\":\"2018-04-10T14:47:50+00:00\",\"dateModified\":\"2025-03-20T19:08:29+00:00\",\"breadcrumb\":{\"@id\":\"https:\/\/chouetteavoir.ca\/en\/contact-us\/#breadcrumb\"},\"inLanguage\":\"en-US\",\"potentialAction\":[{\"@type\":\"ReadAction\",\"target\":[\"https:\/\/chouetteavoir.ca\/en\/contact-us\/\"]}]},{\"@type\":\"BreadcrumbList\",\"@id\":\"https:\/\/chouetteavoir.ca\/en\/contact-us\/#breadcrumb\",\"itemListElement\":[{\"@type\":\"ListItem\",\"position\":1,\"name\":\"Accueil\",\"item\":\"https:\/\/chouetteavoir.ca\/en\/\"},{\"@type\":\"ListItem\",\"position\":2,\"name\":\"Contact us\"}]},{\"@type\":\"WebSite\",\"@id\":\"https:\/\/chouetteavoir.ca\/en\/#website\",\"url\":\"https:\/\/chouetteavoir.ca\/en\/\",\"name\":\"Chouette \u00e0 Voir !\",\"description\":\"Le Qu\u00e9bec compte 27 esp\u00e8ces d\u2019oiseaux de proie, toutes prot\u00e9g\u00e9es, dont 5 sont vuln\u00e9rables.\",\"publisher\":{\"@id\":\"https:\/\/chouetteavoir.ca\/en\/#organization\"},\"potentialAction\":[{\"@type\":\"SearchAction\",\"target\":{\"@type\":\"EntryPoint\",\"urlTemplate\":\"https:\/\/chouetteavoir.ca\/en\/?s={search_term_string}\"},\"query-input\":{\"@type\":\"PropertyValueSpecification\",\"valueRequired\":true,\"valueName\":\"search_term_string\"}}],\"inLanguage\":\"en-US\"},{\"@type\":\"Organization\",\"@id\":\"https:\/\/chouetteavoir.ca\/en\/#organization\",\"name\":\"Chouette \u00e0 Voir!\",\"url\":\"https:\/\/chouetteavoir.ca\/en\/\",\"logo\":{\"@type\":\"ImageObject\",\"inLanguage\":\"en-US\",\"@id\":\"https:\/\/chouetteavoir.ca\/en\/#\/schema\/logo\/image\/\",\"url\":\"https:\/\/chouetteavoir.ca\/wp-content\/uploads\/2021\/02\/logo_chouette_a_voir-2.png\",\"contentUrl\":\"https:\/\/chouetteavoir.ca\/wp-content\/uploads\/2021\/02\/logo_chouette_a_voir-2.png\",\"width\":208,\"height\":120,\"caption\":\"Chouette \u00e0 Voir!\"},\"image\":{\"@id\":\"https:\/\/chouetteavoir.ca\/en\/#\/schema\/logo\/image\/\"},\"sameAs\":[\"https:\/\/www.facebook.com\/chouetteavoir\/\",\"https:\/\/x.com\/UQROP\",\"https:\/\/www.instagram.com\/chouette_a_voir\/\",\"https:\/\/www.youtube.com\/channel\/UCc6U0zsiNJuOtMV1SbvKisw\"]}]}<\/script>\n<!-- \/ Yoast SEO plugin. -->","yoast_head_json":{"title":"Contact us | Chouette \u00e0 Voir !","robots":{"index":"index","follow":"follow","max-snippet":"max-snippet:-1","max-image-preview":"max-image-preview:large","max-video-preview":"max-video-preview:-1"},"canonical":"https:\/\/chouetteavoir.ca\/en\/contact-us\/","og_locale":"en_US","og_type":"article","og_title":"Contact us | Chouette \u00e0 Voir !","og_description":"[vc_row][vc_column icons_position=&#8221;left&#8221;][vc_empty_space alter_height=&#8221;large&#8221; hide_on_desktop=&#8221;&#8221; hide_on_notebook=&#8221;&#8221; hide_on_tablet=&#8221;&#8221; hide_on_mobile=&#8221;&#8221; css=&#8221;.vc_custom_1528883213606{margin-bottom: 0.5rem !important;}&#8221;][\/vc_column][\/vc_row][vc_row full_width=&#8221;stretch_row_content_no_spaces&#8221; hide_bg_image_on_tablet=&#8221;&#8221; hide_bg_image_on_mobile=&#8221;&#8221; shape_divider_top_front=&#8221;&#8221; shape_divider_bottom_front=&#8221;&#8221; row_delimiter=&#8221;&#8221; hide_on_desktop=&#8221;&#8221; hide_on_notebook=&#8221;&#8221; hide_on_tablet=&#8221;&#8221; hide_on_mobile=&#8221;&#8221; hide_on_frontpage=&#8221;&#8221;][vc_column icons_position=&#8221;left&#8221;][vc_separator][vc_row_inner][vc_column_inner icons_position=&#8221;left&#8221;][vc_column_text][\/vc_column_text][\/vc_column_inner][\/vc_row_inner][\/vc_column][\/vc_row][vc_row][vc_column icons_position=&#8221;left&#8221;][vc_separator][\/vc_column][\/vc_row]","og_url":"https:\/\/chouetteavoir.ca\/en\/contact-us\/","og_site_name":"Chouette \u00e0 Voir !","article_publisher":"https:\/\/www.facebook.com\/chouetteavoir\/","article_modified_time":"2025-03-20T19:08:29+00:00","og_image":[{"width":1000,"height":633,"url":"https:\/\/chouetteavoir.ca\/wp-content\/uploads\/2021\/06\/CAV-officiel-1.jpg","type":"image\/jpeg"}],"twitter_card":"summary_large_image","twitter_site":"@UQROP","twitter_misc":{"Est. reading time":"1 minute"},"schema":{"@context":"https:\/\/schema.org","@graph":[{"@type":"WebPage","@id":"https:\/\/chouetteavoir.ca\/en\/contact-us\/","url":"https:\/\/chouetteavoir.ca\/en\/contact-us\/","name":"Contact us | Chouette \u00e0 Voir !","isPartOf":{"@id":"https:\/\/chouetteavoir.ca\/en\/#website"},"datePublished":"2018-04-10T14:47:50+00:00","dateModified":"2025-03-20T19:08:29+00:00","breadcrumb":{"@id":"https:\/\/chouetteavoir.ca\/en\/contact-us\/#breadcrumb"},"inLanguage":"en-US","potentialAction":[{"@type":"ReadAction","target":["https:\/\/chouetteavoir.ca\/en\/contact-us\/"]}]},{"@type":"BreadcrumbList","@id":"https:\/\/chouetteavoir.ca\/en\/contact-us\/#breadcrumb","itemListElement":[{"@type":"ListItem","position":1,"name":"Accueil","item":"https:\/\/chouetteavoir.ca\/en\/"},{"@type":"ListItem","position":2,"name":"Contact us"}]},{"@type":"WebSite","@id":"https:\/\/chouetteavoir.ca\/en\/#website","url":"https:\/\/chouetteavoir.ca\/en\/","name":"Chouette \u00e0 Voir !","description":"Le Qu\u00e9bec compte 27 esp\u00e8ces d\u2019oiseaux de proie, toutes prot\u00e9g\u00e9es, dont 5 sont vuln\u00e9rables.","publisher":{"@id":"https:\/\/chouetteavoir.ca\/en\/#organization"},"potentialAction":[{"@type":"SearchAction","target":{"@type":"EntryPoint","urlTemplate":"https:\/\/chouetteavoir.ca\/en\/?s={search_term_string}"},"query-input":{"@type":"PropertyValueSpecification","valueRequired":true,"valueName":"search_term_string"}}],"inLanguage":"en-US"},{"@type":"Organization","@id":"https:\/\/chouetteavoir.ca\/en\/#organization","name":"Chouette \u00e0 Voir!","url":"https:\/\/chouetteavoir.ca\/en\/","logo":{"@type":"ImageObject","inLanguage":"en-US","@id":"https:\/\/chouetteavoir.ca\/en\/#\/schema\/logo\/image\/","url":"https:\/\/chouetteavoir.ca\/wp-content\/uploads\/2021\/02\/logo_chouette_a_voir-2.png","contentUrl":"https:\/\/chouetteavoir.ca\/wp-content\/uploads\/2021\/02\/logo_chouette_a_voir-2.png","width":208,"height":120,"caption":"Chouette \u00e0 Voir!"},"image":{"@id":"https:\/\/chouetteavoir.ca\/en\/#\/schema\/logo\/image\/"},"sameAs":["https:\/\/www.facebook.com\/chouetteavoir\/","https:\/\/x.com\/UQROP","https:\/\/www.instagram.com\/chouette_a_voir\/","https:\/\/www.youtube.com\/channel\/UCc6U0zsiNJuOtMV1SbvKisw"]}]}},"_links":{"self":[{"href":"https:\/\/chouetteavoir.ca\/en\/wp-json\/wp\/v2\/pages\/14756","targetHints":{"allow":["GET"]}}],"collection":[{"href":"https:\/\/chouetteavoir.ca\/en\/wp-json\/wp\/v2\/pages"}],"about":[{"href":"https:\/\/chouetteavoir.ca\/en\/wp-json\/wp\/v2\/types\/page"}],"author":[{"embeddable":true,"href":"https:\/\/chouetteavoir.ca\/en\/wp-json\/wp\/v2\/users\/1"}],"replies":[{"embeddable":true,"href":"https:\/\/chouetteavoir.ca\/en\/wp-json\/wp\/v2\/comments?post=14756"}],"version-history":[{"count":8,"href":"https:\/\/chouetteavoir.ca\/en\/wp-json\/wp\/v2\/pages\/14756\/revisions"}],"predecessor-version":[{"id":15234,"href":"https:\/\/chouetteavoir.ca\/en\/wp-json\/wp\/v2\/pages\/14756\/revisions\/15234"}],"wp:attachment":[{"href":"https:\/\/chouetteavoir.ca\/en\/wp-json\/wp\/v2\/media?parent=14756"}],"curies":[{"name":"wp","href":"https:\/\/api.w.org\/{rel}","templated":true}]}}