{"id":14752,"date":"2021-04-13T14:12:25","date_gmt":"2021-04-13T18:12:25","guid":{"rendered":"https:\/\/chouetteavoir.ca\/ateliers-et-kiosques\/"},"modified":"2024-05-23T16:21:07","modified_gmt":"2024-05-23T20:21:07","slug":"workshops-and-booths","status":"publish","type":"page","link":"https:\/\/chouetteavoir.ca\/en\/workshops-and-booths\/","title":{"rendered":"Workshops and booths"},"content":{"rendered":"<div class=\"wpb-content-wrapper\"><p>[vc_row css=&#8221;.vc_custom_1616170883699{margin-top: 0px !important;padding-top: 0px !important;}&#8221;][vc_column icons_position=&#8221;left&#8221;][vc_row_inner equal_height=&#8221;yes&#8221; gap=&#8221;30&#8243; css=&#8221;.vc_custom_1616170835760{margin-top: 0px !important;padding-top: 0px !important;}&#8221;][vc_column_inner width=&#8221;1\/2&#8243; fix_column=&#8221;&#8221; hide_bg_image_on_tablet=&#8221;&#8221; hide_bg_image_on_mobile=&#8221;&#8221; icons_position=&#8221;left&#8221; css=&#8221;.vc_custom_1618333636344{padding-bottom: 60px !important;background-color: #f2f2f2 !important;background-size: cover !important;}&#8221; el_id=&#8221;Animations-en-classe&#8221;][vc_single_image image=&#8221;2381&#8243; img_size=&#8221;full&#8221; alignment=&#8221;center&#8221; css=&#8221;.vc_custom_1620421645621{margin-top: 15px !important;}&#8221;][vc_separator color=&#8221;custom&#8221; border_width=&#8221;5&#8243; accent_color=&#8221;rgba(247,247,247,0.01)&#8221; css=&#8221;.vc_custom_1613763625935{margin-top: 0px !important;margin-bottom: 0px !important;padding-top: 0px !important;padding-bottom: 0px !important;}&#8221;][\/vc_column_inner][vc_column_inner width=&#8221;1\/2&#8243; hide_bg_image_on_tablet=&#8221;&#8221; hide_bg_image_on_mobile=&#8221;&#8221; icons_position=&#8221;left&#8221; css=&#8221;.vc_custom_1618327728898{padding-bottom: 40px !important;background-color: #f2f2f2 !important;background-size: cover !important;}&#8221; el_id=&#8221;complexe-de-rehabilitation&#8221;][vc_separator color=&#8221;custom&#8221; border_width=&#8221;5&#8243; accent_color=&#8221;rgba(247,245,243,0.01)&#8221; css=&#8221;.vc_custom_1618327124368{margin-top: 20px !important;margin-bottom: 0px !important;padding-top: 0px !important;padding-bottom: 0px !important;}&#8221;][vc_custom_heading text=&#8221;Workshop<br \/>\nIdentification workshop of birds of prey in Quebec&#8221; font_container=&#8221;tag:h5|text_align:left|color:%231c1c1c&#8221; use_theme_fonts=&#8221;yes&#8221; css=&#8221;.vc_custom_1716495540020{margin-top: 0px !important;margin-bottom: 20px !important;margin-left: 20px !important;}&#8221; el_class=&#8221;inline-block&#8221;][vc_column_text css=&#8221;.vc_custom_1716495580998{margin-right: 10px !important;margin-left: 10px !important;}&#8221;]For a better identification of the species of birds of prey in Quebec, discover the birds of prey from every angle: according to their silhouette, their call, their plumage, etc. An interactive, sensory and authentic experience.<\/p>\n<p><strong>Number of participants:<\/strong> 4 to 20 people<br \/>\n<strong>Duration:<\/strong> 2 hours<\/p>\n<p>To know our rates[\/vc_column_text][vc_btn title=&#8221;Contact us! &#8221; color=&#8221;warning&#8221; css_animation=&#8221;fadeIn&#8221; link=&#8221;url:https%3A%2F%2Fchouetteavoir.ca%2Fnous-joindre%2F|target:_blank&#8221;][\/vc_column_inner][\/vc_row_inner][\/vc_column][\/vc_row][vc_row css=&#8221;.vc_custom_1616170883699{margin-top: 0px !important;padding-top: 0px !important;}&#8221;][vc_column icons_position=&#8221;left&#8221;][vc_row_inner equal_height=&#8221;yes&#8221; gap=&#8221;30&#8243; css=&#8221;.vc_custom_1616170835760{margin-top: 0px !important;padding-top: 0px !important;}&#8221;][vc_column_inner width=&#8221;1\/2&#8243; fix_column=&#8221;&#8221; hide_bg_image_on_tablet=&#8221;&#8221; hide_bg_image_on_mobile=&#8221;&#8221; icons_position=&#8221;left&#8221; css=&#8221;.vc_custom_1618333636344{padding-bottom: 60px !important;background-color: #f2f2f2 !important;background-size: cover !important;}&#8221;][vc_single_image image=&#8221;2384&#8243; img_size=&#8221;full&#8221; alignment=&#8221;center&#8221; css=&#8221;.vc_custom_1620421711204{margin-top: 15px !important;}&#8221;][vc_separator color=&#8221;custom&#8221; border_width=&#8221;5&#8243; accent_color=&#8221;rgba(247,247,247,0.01)&#8221; css=&#8221;.vc_custom_1613763625935{margin-top: 0px !important;margin-bottom: 0px !important;padding-top: 0px !important;padding-bottom: 0px !important;}&#8221;][\/vc_column_inner][vc_column_inner width=&#8221;1\/2&#8243; hide_bg_image_on_tablet=&#8221;&#8221; hide_bg_image_on_mobile=&#8221;&#8221; icons_position=&#8221;left&#8221; css=&#8221;.vc_custom_1618327728898{padding-bottom: 40px !important;background-color: #f2f2f2 !important;background-size: cover !important;}&#8221;][vc_separator color=&#8221;custom&#8221; border_width=&#8221;5&#8243; accent_color=&#8221;rgba(247,245,243,0.01)&#8221; css=&#8221;.vc_custom_1618327124368{margin-top: 20px !important;margin-bottom: 0px !important;padding-top: 0px !important;padding-bottom: 0px !important;}&#8221;][vc_custom_heading text=&#8221;Booth&#8221; font_container=&#8221;tag:h5|text_align:left|color:%231c1c1c&#8221; use_theme_fonts=&#8221;yes&#8221; css=&#8221;.vc_custom_1716495612245{margin-top: 0px !important;margin-bottom: 20px !important;margin-left: 20px !important;}&#8221; el_class=&#8221;inline-block&#8221;][vc_column_text css=&#8221;.vc_custom_1716495634483{margin-right: 10px !important;margin-left: 10px !important;}&#8221;]Interactive booth for events, street and park festivals, special activities and more! Continuous animation with a biologist and two live ambassador birds, manipulation of anatomical parts, adapted to be animated outdoors as well as indoors, available year-round.<\/p>\n<p>To know our rates:[\/vc_column_text][vc_btn title=&#8221;Communiquez avec nous&#8221; color=&#8221;warning&#8221; css_animation=&#8221;fadeIn&#8221; link=&#8221;url:https%3A%2F%2Fchouetteavoir.ca%2Fnous-joindre%2F|target:_blank&#8221;][\/vc_column_inner][\/vc_row_inner][\/vc_column][\/vc_row][vc_row][vc_column icons_position=&#8221;left&#8221;][vc_empty_space alter_height=&#8221;medium&#8221; hide_on_desktop=&#8221;&#8221; hide_on_notebook=&#8221;&#8221; hide_on_tablet=&#8221;&#8221; hide_on_mobile=&#8221;&#8221; css=&#8221;.vc_custom_1529324358153{margin-bottom: 0.6rem !important;}&#8221;]<div  id=\"sc_socials_789031398\" \n\t\tclass=\"sc_socials sc_socials_icons_names sc_align_center\"><h4 class=\"sc_item_title sc_socials_title sc_align_center sc_item_title_style_default sc_item_title_tag\">Follow Us<\/h4><div class=\"socials_wrap\"><a target=\"_blank\" href=\"https:\/\/www.facebook.com\/Chouette-%C3%A0-Voir-346340528773965\" class=\"social_item social_item_style_icons sc_icon_type_icons social_item_type_icons_names\"><span class=\"social_icon social_icon_facebook\"><span class=\"icon-facebook\"><\/span><\/span><span class=\"social_name social_facebook\">facebook<\/span><\/a><a target=\"_blank\" href=\"https:\/\/www.instagram.com\/chouette_a_voir\/\" class=\"social_item social_item_style_icons sc_icon_type_icons social_item_type_icons_names\"><span class=\"social_icon social_icon_instagram\"><span class=\"icon-instagram\"><\/span><\/span><span class=\"social_name social_instagram\">instagram<\/span><\/a><a target=\"_blank\" href=\"https:\/\/www.youtube.com\/channel\/UCc6U0zsiNJuOtMV1SbvKisw\" class=\"social_item social_item_style_icons sc_icon_type_icons social_item_type_icons_names\"><span class=\"social_icon social_icon_youtube-1\"><span class=\"icon-youtube-1\"><\/span><\/span><span class=\"social_name social_youtube-1\">Youtube<\/span><\/a><\/div><!-- \/.socials_wrap --><\/div><!-- \/.sc_socials -->[\/vc_column][\/vc_row]<\/p>\n<\/div>","protected":false},"excerpt":{"rendered":"<p>[vc_row css=&#8221;.vc_custom_1616170883699{margin-top: 0px !important;padding-top: 0px !important;}&#8221;][vc_column icons_position=&#8221;left&#8221;][vc_row_inner equal_height=&#8221;yes&#8221; gap=&#8221;30&#8243; css=&#8221;.vc_custom_1616170835760{margin-top: 0px !important;padding-top: 0px !important;}&#8221;][vc_column_inner width=&#8221;1\/2&#8243; fix_column=&#8221;&#8221; hide_bg_image_on_tablet=&#8221;&#8221; hide_bg_image_on_mobile=&#8221;&#8221; icons_position=&#8221;left&#8221; css=&#8221;.vc_custom_1618333636344{padding-bottom: 60px !important;background-color: #f2f2f2 !important;background-size: cover !important;}&#8221; el_id=&#8221;Animations-en-classe&#8221;][vc_single_image image=&#8221;2381&#8243;&hellip;<\/p>\n","protected":false},"author":1,"featured_media":0,"parent":0,"menu_order":0,"comment_status":"closed","ping_status":"closed","template":"","meta":{"_monsterinsights_skip_tracking":false,"_monsterinsights_sitenote_active":false,"_monsterinsights_sitenote_note":"","_monsterinsights_sitenote_category":0,"footnotes":""},"class_list":["post-14752","page","type-page","status-publish","hentry"],"yoast_head":"<!-- This site is optimized with the Yoast SEO plugin v27.2 - https:\/\/yoast.com\/product\/yoast-seo-wordpress\/ -->\n<title>Workshops and booths | Chouette \u00e0 Voir ! |\u00a0d&#039;identification d&#039;oiseaux de proie<\/title>\n<meta name=\"description\" content=\"Ateliers et kiosques |\u00a0Atelier d&#039;identification des oiseaux de proie du Qu\u00e9bec et kiosque interactif pour \u00e9v\u00e8nements.\" \/>\n<meta name=\"robots\" content=\"index, follow, max-snippet:-1, max-image-preview:large, max-video-preview:-1\" \/>\n<link rel=\"canonical\" href=\"https:\/\/chouetteavoir.ca\/en\/workshops-and-booths\/\" \/>\n<meta property=\"og:locale\" content=\"en_US\" \/>\n<meta property=\"og:type\" content=\"article\" \/>\n<meta property=\"og:title\" content=\"Ateliers et kiosques | Chouette \u00e0 Voir ! | d&#039;identification d&#039;oiseaux de proie\" \/>\n<meta property=\"og:description\" content=\"Ateliers et kiosques |\u00a0Atelier d&#039;identification des oiseaux de proie du Qu\u00e9bec et kiosque interactif pour \u00e9v\u00e8nements.\" \/>\n<meta property=\"og:url\" content=\"https:\/\/chouetteavoir.ca\/en\/workshops-and-booths\/\" \/>\n<meta property=\"og:site_name\" content=\"Chouette \u00e0 Voir !\" \/>\n<meta property=\"article:publisher\" content=\"https:\/\/www.facebook.com\/chouetteavoir\/\" \/>\n<meta property=\"article:modified_time\" content=\"2024-05-23T20:21:07+00:00\" \/>\n<meta property=\"og:image\" content=\"https:\/\/chouetteavoir.ca\/wp-content\/uploads\/2021\/06\/CAV-officiel.jpg\" \/>\n\t<meta property=\"og:image:width\" content=\"600\" \/>\n\t<meta property=\"og:image:height\" content=\"367\" \/>\n\t<meta property=\"og:image:type\" content=\"image\/jpeg\" \/>\n<meta name=\"twitter:card\" content=\"summary_large_image\" \/>\n<meta name=\"twitter:title\" content=\"Ateliers et kiosques | Chouette \u00e0 Voir ! | d&#039;identification d&#039;oiseaux de proie\" \/>\n<meta name=\"twitter:description\" content=\"Ateliers et kiosques |\u00a0Atelier d&#039;identification des oiseaux de proie du Qu\u00e9bec et kiosque interactif pour \u00e9v\u00e8nements.\" \/>\n<meta name=\"twitter:image\" content=\"https:\/\/chouetteavoir.ca\/wp-content\/uploads\/2021\/06\/CAV-officiel.jpg\" \/>\n<meta name=\"twitter:site\" content=\"@UQROP\" \/>\n<meta name=\"twitter:label1\" content=\"Est. reading time\" \/>\n\t<meta name=\"twitter:data1\" content=\"2 minutes\" \/>\n<script type=\"application\/ld+json\" class=\"yoast-schema-graph\">{\"@context\":\"https:\/\/schema.org\",\"@graph\":[{\"@type\":\"WebPage\",\"@id\":\"https:\/\/chouetteavoir.ca\/en\/workshops-and-booths\/\",\"url\":\"https:\/\/chouetteavoir.ca\/en\/workshops-and-booths\/\",\"name\":\"Workshops and booths | Chouette \u00e0 Voir ! |\u00a0d'identification d'oiseaux de proie\",\"isPartOf\":{\"@id\":\"https:\/\/chouetteavoir.ca\/en\/#website\"},\"datePublished\":\"2021-04-13T18:12:25+00:00\",\"dateModified\":\"2024-05-23T20:21:07+00:00\",\"description\":\"Ateliers et kiosques |\u00a0Atelier d'identification des oiseaux de proie du Qu\u00e9bec et kiosque interactif pour \u00e9v\u00e8nements.\",\"breadcrumb\":{\"@id\":\"https:\/\/chouetteavoir.ca\/en\/workshops-and-booths\/#breadcrumb\"},\"inLanguage\":\"en-US\",\"potentialAction\":[{\"@type\":\"ReadAction\",\"target\":[\"https:\/\/chouetteavoir.ca\/en\/workshops-and-booths\/\"]}]},{\"@type\":\"BreadcrumbList\",\"@id\":\"https:\/\/chouetteavoir.ca\/en\/workshops-and-booths\/#breadcrumb\",\"itemListElement\":[{\"@type\":\"ListItem\",\"position\":1,\"name\":\"Accueil\",\"item\":\"https:\/\/chouetteavoir.ca\/en\/\"},{\"@type\":\"ListItem\",\"position\":2,\"name\":\"Workshops and booths\"}]},{\"@type\":\"WebSite\",\"@id\":\"https:\/\/chouetteavoir.ca\/en\/#website\",\"url\":\"https:\/\/chouetteavoir.ca\/en\/\",\"name\":\"Chouette \u00e0 Voir !\",\"description\":\"Le Qu\u00e9bec compte 27 esp\u00e8ces d\u2019oiseaux de proie, toutes prot\u00e9g\u00e9es, dont 5 sont vuln\u00e9rables.\",\"publisher\":{\"@id\":\"https:\/\/chouetteavoir.ca\/en\/#organization\"},\"potentialAction\":[{\"@type\":\"SearchAction\",\"target\":{\"@type\":\"EntryPoint\",\"urlTemplate\":\"https:\/\/chouetteavoir.ca\/en\/?s={search_term_string}\"},\"query-input\":{\"@type\":\"PropertyValueSpecification\",\"valueRequired\":true,\"valueName\":\"search_term_string\"}}],\"inLanguage\":\"en-US\"},{\"@type\":\"Organization\",\"@id\":\"https:\/\/chouetteavoir.ca\/en\/#organization\",\"name\":\"Chouette \u00e0 Voir!\",\"url\":\"https:\/\/chouetteavoir.ca\/en\/\",\"logo\":{\"@type\":\"ImageObject\",\"inLanguage\":\"en-US\",\"@id\":\"https:\/\/chouetteavoir.ca\/en\/#\/schema\/logo\/image\/\",\"url\":\"https:\/\/chouetteavoir.ca\/wp-content\/uploads\/2021\/02\/logo_chouette_a_voir-2.png\",\"contentUrl\":\"https:\/\/chouetteavoir.ca\/wp-content\/uploads\/2021\/02\/logo_chouette_a_voir-2.png\",\"width\":208,\"height\":120,\"caption\":\"Chouette \u00e0 Voir!\"},\"image\":{\"@id\":\"https:\/\/chouetteavoir.ca\/en\/#\/schema\/logo\/image\/\"},\"sameAs\":[\"https:\/\/www.facebook.com\/chouetteavoir\/\",\"https:\/\/x.com\/UQROP\",\"https:\/\/www.instagram.com\/chouette_a_voir\/\",\"https:\/\/www.youtube.com\/channel\/UCc6U0zsiNJuOtMV1SbvKisw\"]}]}<\/script>\n<!-- \/ Yoast SEO plugin. -->","yoast_head_json":{"title":"Workshops and booths | Chouette \u00e0 Voir ! |\u00a0d'identification d'oiseaux de proie","description":"Ateliers et kiosques |\u00a0Atelier d'identification des oiseaux de proie du Qu\u00e9bec et kiosque interactif pour \u00e9v\u00e8nements.","robots":{"index":"index","follow":"follow","max-snippet":"max-snippet:-1","max-image-preview":"max-image-preview:large","max-video-preview":"max-video-preview:-1"},"canonical":"https:\/\/chouetteavoir.ca\/en\/workshops-and-booths\/","og_locale":"en_US","og_type":"article","og_title":"Ateliers et kiosques | Chouette \u00e0 Voir ! | d'identification d'oiseaux de proie","og_description":"Ateliers et kiosques |\u00a0Atelier d'identification des oiseaux de proie du Qu\u00e9bec et kiosque interactif pour \u00e9v\u00e8nements.","og_url":"https:\/\/chouetteavoir.ca\/en\/workshops-and-booths\/","og_site_name":"Chouette \u00e0 Voir !","article_publisher":"https:\/\/www.facebook.com\/chouetteavoir\/","article_modified_time":"2024-05-23T20:21:07+00:00","og_image":[{"width":600,"height":367,"url":"https:\/\/chouetteavoir.ca\/wp-content\/uploads\/2021\/06\/CAV-officiel.jpg","type":"image\/jpeg"}],"twitter_card":"summary_large_image","twitter_title":"Ateliers et kiosques | Chouette \u00e0 Voir ! | d'identification d'oiseaux de proie","twitter_description":"Ateliers et kiosques |\u00a0Atelier d'identification des oiseaux de proie du Qu\u00e9bec et kiosque interactif pour \u00e9v\u00e8nements.","twitter_image":"https:\/\/chouetteavoir.ca\/wp-content\/uploads\/2021\/06\/CAV-officiel.jpg","twitter_site":"@UQROP","twitter_misc":{"Est. reading time":"2 minutes"},"schema":{"@context":"https:\/\/schema.org","@graph":[{"@type":"WebPage","@id":"https:\/\/chouetteavoir.ca\/en\/workshops-and-booths\/","url":"https:\/\/chouetteavoir.ca\/en\/workshops-and-booths\/","name":"Workshops and booths | Chouette \u00e0 Voir ! |\u00a0d'identification d'oiseaux de proie","isPartOf":{"@id":"https:\/\/chouetteavoir.ca\/en\/#website"},"datePublished":"2021-04-13T18:12:25+00:00","dateModified":"2024-05-23T20:21:07+00:00","description":"Ateliers et kiosques |\u00a0Atelier d'identification des oiseaux de proie du Qu\u00e9bec et kiosque interactif pour \u00e9v\u00e8nements.","breadcrumb":{"@id":"https:\/\/chouetteavoir.ca\/en\/workshops-and-booths\/#breadcrumb"},"inLanguage":"en-US","potentialAction":[{"@type":"ReadAction","target":["https:\/\/chouetteavoir.ca\/en\/workshops-and-booths\/"]}]},{"@type":"BreadcrumbList","@id":"https:\/\/chouetteavoir.ca\/en\/workshops-and-booths\/#breadcrumb","itemListElement":[{"@type":"ListItem","position":1,"name":"Accueil","item":"https:\/\/chouetteavoir.ca\/en\/"},{"@type":"ListItem","position":2,"name":"Workshops and booths"}]},{"@type":"WebSite","@id":"https:\/\/chouetteavoir.ca\/en\/#website","url":"https:\/\/chouetteavoir.ca\/en\/","name":"Chouette \u00e0 Voir !","description":"Le Qu\u00e9bec compte 27 esp\u00e8ces d\u2019oiseaux de proie, toutes prot\u00e9g\u00e9es, dont 5 sont vuln\u00e9rables.","publisher":{"@id":"https:\/\/chouetteavoir.ca\/en\/#organization"},"potentialAction":[{"@type":"SearchAction","target":{"@type":"EntryPoint","urlTemplate":"https:\/\/chouetteavoir.ca\/en\/?s={search_term_string}"},"query-input":{"@type":"PropertyValueSpecification","valueRequired":true,"valueName":"search_term_string"}}],"inLanguage":"en-US"},{"@type":"Organization","@id":"https:\/\/chouetteavoir.ca\/en\/#organization","name":"Chouette \u00e0 Voir!","url":"https:\/\/chouetteavoir.ca\/en\/","logo":{"@type":"ImageObject","inLanguage":"en-US","@id":"https:\/\/chouetteavoir.ca\/en\/#\/schema\/logo\/image\/","url":"https:\/\/chouetteavoir.ca\/wp-content\/uploads\/2021\/02\/logo_chouette_a_voir-2.png","contentUrl":"https:\/\/chouetteavoir.ca\/wp-content\/uploads\/2021\/02\/logo_chouette_a_voir-2.png","width":208,"height":120,"caption":"Chouette \u00e0 Voir!"},"image":{"@id":"https:\/\/chouetteavoir.ca\/en\/#\/schema\/logo\/image\/"},"sameAs":["https:\/\/www.facebook.com\/chouetteavoir\/","https:\/\/x.com\/UQROP","https:\/\/www.instagram.com\/chouette_a_voir\/","https:\/\/www.youtube.com\/channel\/UCc6U0zsiNJuOtMV1SbvKisw"]}]}},"_links":{"self":[{"href":"https:\/\/chouetteavoir.ca\/en\/wp-json\/wp\/v2\/pages\/14752","targetHints":{"allow":["GET"]}}],"collection":[{"href":"https:\/\/chouetteavoir.ca\/en\/wp-json\/wp\/v2\/pages"}],"about":[{"href":"https:\/\/chouetteavoir.ca\/en\/wp-json\/wp\/v2\/types\/page"}],"author":[{"embeddable":true,"href":"https:\/\/chouetteavoir.ca\/en\/wp-json\/wp\/v2\/users\/1"}],"replies":[{"embeddable":true,"href":"https:\/\/chouetteavoir.ca\/en\/wp-json\/wp\/v2\/comments?post=14752"}],"version-history":[{"count":3,"href":"https:\/\/chouetteavoir.ca\/en\/wp-json\/wp\/v2\/pages\/14752\/revisions"}],"predecessor-version":[{"id":14755,"href":"https:\/\/chouetteavoir.ca\/en\/wp-json\/wp\/v2\/pages\/14752\/revisions\/14755"}],"wp:attachment":[{"href":"https:\/\/chouetteavoir.ca\/en\/wp-json\/wp\/v2\/media?parent=14752"}],"curies":[{"name":"wp","href":"https:\/\/api.w.org\/{rel}","templated":true}]}}