{"id":14748,"date":"2021-04-13T14:04:07","date_gmt":"2021-04-13T18:04:07","guid":{"rendered":"https:\/\/chouetteavoir.ca\/chouette-conference\/"},"modified":"2025-03-20T15:05:17","modified_gmt":"2025-03-20T19:05:17","slug":"conference","status":"publish","type":"page","link":"https:\/\/chouetteavoir.ca\/en\/conference\/","title":{"rendered":"Conference"},"content":{"rendered":"<div class=\"wpb-content-wrapper\"><p>[vc_row css=&#8221;.vc_custom_1616170883699{margin-top: 0px !important;padding-top: 0px !important;}&#8221;][vc_column icons_position=&#8221;left&#8221;][vc_row_inner equal_height=&#8221;yes&#8221; gap=&#8221;30&#8243; css=&#8221;.vc_custom_1616170835760{margin-top: 0px !important;padding-top: 0px !important;}&#8221;][vc_column_inner width=&#8221;1\/2&#8243; fix_column=&#8221;&#8221; hide_bg_image_on_tablet=&#8221;&#8221; hide_bg_image_on_mobile=&#8221;&#8221; icons_position=&#8221;left&#8221; css=&#8221;.vc_custom_1618333636344{padding-bottom: 60px !important;background-color: #f2f2f2 !important;background-size: cover !important;}&#8221; el_id=&#8221;Animations-en-classe&#8221;][vc_single_image image=&#8221;2376&#8243; img_size=&#8221;full&#8221; alignment=&#8221;center&#8221; css=&#8221;.vc_custom_1620421429332{margin-top: 15px !important;}&#8221;][vc_separator color=&#8221;custom&#8221; border_width=&#8221;5&#8243; css=&#8221;.vc_custom_1613763625935{margin-top: 0px !important;margin-bottom: 0px !important;padding-top: 0px !important;padding-bottom: 0px !important;}&#8221; accent_color=&#8221;rgba(247,247,247,0.01)&#8221;][\/vc_column_inner][vc_column_inner width=&#8221;1\/2&#8243; hide_bg_image_on_tablet=&#8221;&#8221; hide_bg_image_on_mobile=&#8221;&#8221; icons_position=&#8221;left&#8221; css=&#8221;.vc_custom_1618327728898{padding-bottom: 40px !important;background-color: #f2f2f2 !important;background-size: cover !important;}&#8221; el_id=&#8221;complexe-de-rehabilitation&#8221;][vc_separator color=&#8221;custom&#8221; border_width=&#8221;5&#8243; css=&#8221;.vc_custom_1618327124368{margin-top: 20px !important;margin-bottom: 0px !important;padding-top: 0px !important;padding-bottom: 0px !important;}&#8221; accent_color=&#8221;rgba(247,245,243,0.01)&#8221;][vc_custom_heading text=&#8221;Conference&#8221; font_container=&#8221;tag:h5|text_align:left|color:%231c1c1c&#8221; use_theme_fonts=&#8221;yes&#8221; css=&#8221;.vc_custom_1716494842853{margin-top: 0px !important;margin-bottom: 20px !important;margin-left: 20px !important;}&#8221; el_class=&#8221;inline-block&#8221;][vc_column_text css=&#8221;.vc_custom_1742497419461{margin-right: 10px !important;margin-left: 10px !important;}&#8221;]Our biologists have designed conferences adapted to meet the needs of birding clubs, scouts, organizations, college and university teachers or any other event. These lectures cover the most popular topics, such as the identification of Quebec&#8217;s birds of prey species and wildlife rehabilitation issues.<\/p>\n<p>Conference available in person or virtual<\/p>\n<p><strong>Duration:<\/strong> 75-90 minutes<\/p>\n<p><strong>Rate:<\/strong> contact us! or<span style=\"color: #000000;\"><strong> <a style=\"color: #000000;\" href=\"mailto:info@uqrop.qc.ca\">info@uqrop.qc.ca<\/a><\/strong><\/span>[\/vc_column_text][vc_empty_space alter_height=&#8221;medium&#8221; hide_on_desktop=&#8221;&#8221; hide_on_notebook=&#8221;&#8221; hide_on_tablet=&#8221;&#8221; hide_on_mobile=&#8221;&#8221; css=&#8221;.vc_custom_1529324358153{margin-bottom: 0.6rem !important;}&#8221;][vc_btn title=&#8221;Contact us&#8221; color=&#8221;orange&#8221; align=&#8221;center&#8221; css=&#8221;&#8221; link=&#8221;url:https%3A%2F%2Fchouetteavoir.ca%2Fen%2Fcontact-us%2F|target:_blank&#8221;][\/vc_column_inner][\/vc_row_inner][\/vc_column][\/vc_row][vc_row][vc_column icons_position=&#8221;left&#8221;][vc_empty_space alter_height=&#8221;medium&#8221; hide_on_desktop=&#8221;&#8221; hide_on_notebook=&#8221;&#8221; hide_on_tablet=&#8221;&#8221; hide_on_mobile=&#8221;&#8221; css=&#8221;.vc_custom_1529324358153{margin-bottom: 0.6rem !important;}&#8221;]<div  id=\"sc_socials_194136008\" \n\t\tclass=\"sc_socials sc_socials_icons_names sc_align_center\"><h4 class=\"sc_item_title sc_socials_title sc_align_center sc_item_title_style_default sc_item_title_tag\">Follow Us<\/h4><div class=\"socials_wrap\"><a target=\"_blank\" href=\"https:\/\/www.facebook.com\/Chouette-%C3%A0-Voir-346340528773965\" class=\"social_item social_item_style_icons sc_icon_type_icons social_item_type_icons_names\"><span class=\"social_icon social_icon_facebook\"><span class=\"icon-facebook\"><\/span><\/span><span class=\"social_name social_facebook\">facebook<\/span><\/a><a target=\"_blank\" href=\"https:\/\/www.instagram.com\/chouette_a_voir\/\" class=\"social_item social_item_style_icons sc_icon_type_icons social_item_type_icons_names\"><span class=\"social_icon social_icon_instagram\"><span class=\"icon-instagram\"><\/span><\/span><span class=\"social_name social_instagram\">instagram<\/span><\/a><a target=\"_blank\" href=\"https:\/\/www.youtube.com\/channel\/UCc6U0zsiNJuOtMV1SbvKisw\" class=\"social_item social_item_style_icons sc_icon_type_icons social_item_type_icons_names\"><span class=\"social_icon social_icon_youtube-1\"><span class=\"icon-youtube-1\"><\/span><\/span><span class=\"social_name social_youtube-1\">Youtube<\/span><\/a><\/div><!-- \/.socials_wrap --><\/div><!-- \/.sc_socials -->[\/vc_column][\/vc_row]<\/p>\n<\/div>","protected":false},"excerpt":{"rendered":"<p>[vc_row css=&#8221;.vc_custom_1616170883699{margin-top: 0px !important;padding-top: 0px !important;}&#8221;][vc_column icons_position=&#8221;left&#8221;][vc_row_inner equal_height=&#8221;yes&#8221; gap=&#8221;30&#8243; css=&#8221;.vc_custom_1616170835760{margin-top: 0px !important;padding-top: 0px !important;}&#8221;][vc_column_inner width=&#8221;1\/2&#8243; fix_column=&#8221;&#8221; hide_bg_image_on_tablet=&#8221;&#8221; hide_bg_image_on_mobile=&#8221;&#8221; icons_position=&#8221;left&#8221; css=&#8221;.vc_custom_1618333636344{padding-bottom: 60px !important;background-color: #f2f2f2 !important;background-size: cover !important;}&#8221; el_id=&#8221;Animations-en-classe&#8221;][vc_single_image image=&#8221;2376&#8243;&hellip;<\/p>\n","protected":false},"author":1,"featured_media":0,"parent":0,"menu_order":0,"comment_status":"closed","ping_status":"closed","template":"","meta":{"_monsterinsights_skip_tracking":false,"_monsterinsights_sitenote_active":false,"_monsterinsights_sitenote_note":"","_monsterinsights_sitenote_category":0,"footnotes":""},"class_list":["post-14748","page","type-page","status-publish","hentry"],"yoast_head":"<!-- This site is optimized with the Yoast SEO plugin v27.2 - https:\/\/yoast.com\/product\/yoast-seo-wordpress\/ -->\n<title>Conference | Chouette \u00e0 Voir !<\/title>\n<meta name=\"robots\" content=\"index, follow, max-snippet:-1, max-image-preview:large, max-video-preview:-1\" \/>\n<link rel=\"canonical\" href=\"https:\/\/chouetteavoir.ca\/en\/conference\/\" \/>\n<meta property=\"og:locale\" content=\"en_US\" \/>\n<meta property=\"og:type\" content=\"article\" \/>\n<meta property=\"og:title\" content=\"Conference | Chouette \u00e0 Voir !\" \/>\n<meta property=\"og:description\" content=\"[vc_row css=&#8221;.vc_custom_1616170883699{margin-top: 0px !important;padding-top: 0px !important;}&#8221;][vc_column icons_position=&#8221;left&#8221;][vc_row_inner equal_height=&#8221;yes&#8221; gap=&#8221;30&#8243; css=&#8221;.vc_custom_1616170835760{margin-top: 0px !important;padding-top: 0px !important;}&#8221;][vc_column_inner width=&#8221;1\/2&#8243; fix_column=&#8221;&#8221; hide_bg_image_on_tablet=&#8221;&#8221; hide_bg_image_on_mobile=&#8221;&#8221; icons_position=&#8221;left&#8221; css=&#8221;.vc_custom_1618333636344{padding-bottom: 60px !important;background-color: #f2f2f2 !important;background-size: cover !important;}&#8221; el_id=&#8221;Animations-en-classe&#8221;][vc_single_image image=&#8221;2376&#8243;&hellip;\" \/>\n<meta property=\"og:url\" content=\"https:\/\/chouetteavoir.ca\/en\/conference\/\" \/>\n<meta property=\"og:site_name\" content=\"Chouette \u00e0 Voir !\" \/>\n<meta property=\"article:publisher\" content=\"https:\/\/www.facebook.com\/chouetteavoir\/\" \/>\n<meta property=\"article:modified_time\" content=\"2025-03-20T19:05:17+00:00\" \/>\n<meta property=\"og:image\" content=\"https:\/\/chouetteavoir.ca\/wp-content\/uploads\/2021\/06\/CAV-officiel-1.jpg\" \/>\n\t<meta property=\"og:image:width\" content=\"1000\" \/>\n\t<meta property=\"og:image:height\" content=\"633\" \/>\n\t<meta property=\"og:image:type\" content=\"image\/jpeg\" \/>\n<meta name=\"twitter:card\" content=\"summary_large_image\" \/>\n<meta name=\"twitter:site\" content=\"@UQROP\" \/>\n<meta name=\"twitter:label1\" content=\"Est. reading time\" \/>\n\t<meta name=\"twitter:data1\" content=\"2 minutes\" \/>\n<script type=\"application\/ld+json\" class=\"yoast-schema-graph\">{\"@context\":\"https:\/\/schema.org\",\"@graph\":[{\"@type\":\"WebPage\",\"@id\":\"https:\/\/chouetteavoir.ca\/en\/conference\/\",\"url\":\"https:\/\/chouetteavoir.ca\/en\/conference\/\",\"name\":\"Conference | Chouette \u00e0 Voir !\",\"isPartOf\":{\"@id\":\"https:\/\/chouetteavoir.ca\/en\/#website\"},\"datePublished\":\"2021-04-13T18:04:07+00:00\",\"dateModified\":\"2025-03-20T19:05:17+00:00\",\"breadcrumb\":{\"@id\":\"https:\/\/chouetteavoir.ca\/en\/conference\/#breadcrumb\"},\"inLanguage\":\"en-US\",\"potentialAction\":[{\"@type\":\"ReadAction\",\"target\":[\"https:\/\/chouetteavoir.ca\/en\/conference\/\"]}]},{\"@type\":\"BreadcrumbList\",\"@id\":\"https:\/\/chouetteavoir.ca\/en\/conference\/#breadcrumb\",\"itemListElement\":[{\"@type\":\"ListItem\",\"position\":1,\"name\":\"Accueil\",\"item\":\"https:\/\/chouetteavoir.ca\/en\/\"},{\"@type\":\"ListItem\",\"position\":2,\"name\":\"Conference\"}]},{\"@type\":\"WebSite\",\"@id\":\"https:\/\/chouetteavoir.ca\/en\/#website\",\"url\":\"https:\/\/chouetteavoir.ca\/en\/\",\"name\":\"Chouette \u00e0 Voir !\",\"description\":\"Le Qu\u00e9bec compte 27 esp\u00e8ces d\u2019oiseaux de proie, toutes prot\u00e9g\u00e9es, dont 5 sont vuln\u00e9rables.\",\"publisher\":{\"@id\":\"https:\/\/chouetteavoir.ca\/en\/#organization\"},\"potentialAction\":[{\"@type\":\"SearchAction\",\"target\":{\"@type\":\"EntryPoint\",\"urlTemplate\":\"https:\/\/chouetteavoir.ca\/en\/?s={search_term_string}\"},\"query-input\":{\"@type\":\"PropertyValueSpecification\",\"valueRequired\":true,\"valueName\":\"search_term_string\"}}],\"inLanguage\":\"en-US\"},{\"@type\":\"Organization\",\"@id\":\"https:\/\/chouetteavoir.ca\/en\/#organization\",\"name\":\"Chouette \u00e0 Voir!\",\"url\":\"https:\/\/chouetteavoir.ca\/en\/\",\"logo\":{\"@type\":\"ImageObject\",\"inLanguage\":\"en-US\",\"@id\":\"https:\/\/chouetteavoir.ca\/en\/#\/schema\/logo\/image\/\",\"url\":\"https:\/\/chouetteavoir.ca\/wp-content\/uploads\/2021\/02\/logo_chouette_a_voir-2.png\",\"contentUrl\":\"https:\/\/chouetteavoir.ca\/wp-content\/uploads\/2021\/02\/logo_chouette_a_voir-2.png\",\"width\":208,\"height\":120,\"caption\":\"Chouette \u00e0 Voir!\"},\"image\":{\"@id\":\"https:\/\/chouetteavoir.ca\/en\/#\/schema\/logo\/image\/\"},\"sameAs\":[\"https:\/\/www.facebook.com\/chouetteavoir\/\",\"https:\/\/x.com\/UQROP\",\"https:\/\/www.instagram.com\/chouette_a_voir\/\",\"https:\/\/www.youtube.com\/channel\/UCc6U0zsiNJuOtMV1SbvKisw\"]}]}<\/script>\n<!-- \/ Yoast SEO plugin. -->","yoast_head_json":{"title":"Conference | Chouette \u00e0 Voir !","robots":{"index":"index","follow":"follow","max-snippet":"max-snippet:-1","max-image-preview":"max-image-preview:large","max-video-preview":"max-video-preview:-1"},"canonical":"https:\/\/chouetteavoir.ca\/en\/conference\/","og_locale":"en_US","og_type":"article","og_title":"Conference | Chouette \u00e0 Voir !","og_description":"[vc_row css=&#8221;.vc_custom_1616170883699{margin-top: 0px !important;padding-top: 0px !important;}&#8221;][vc_column icons_position=&#8221;left&#8221;][vc_row_inner equal_height=&#8221;yes&#8221; gap=&#8221;30&#8243; css=&#8221;.vc_custom_1616170835760{margin-top: 0px !important;padding-top: 0px !important;}&#8221;][vc_column_inner width=&#8221;1\/2&#8243; fix_column=&#8221;&#8221; hide_bg_image_on_tablet=&#8221;&#8221; hide_bg_image_on_mobile=&#8221;&#8221; icons_position=&#8221;left&#8221; css=&#8221;.vc_custom_1618333636344{padding-bottom: 60px !important;background-color: #f2f2f2 !important;background-size: cover !important;}&#8221; el_id=&#8221;Animations-en-classe&#8221;][vc_single_image image=&#8221;2376&#8243;&hellip;","og_url":"https:\/\/chouetteavoir.ca\/en\/conference\/","og_site_name":"Chouette \u00e0 Voir !","article_publisher":"https:\/\/www.facebook.com\/chouetteavoir\/","article_modified_time":"2025-03-20T19:05:17+00:00","og_image":[{"width":1000,"height":633,"url":"https:\/\/chouetteavoir.ca\/wp-content\/uploads\/2021\/06\/CAV-officiel-1.jpg","type":"image\/jpeg"}],"twitter_card":"summary_large_image","twitter_site":"@UQROP","twitter_misc":{"Est. reading time":"2 minutes"},"schema":{"@context":"https:\/\/schema.org","@graph":[{"@type":"WebPage","@id":"https:\/\/chouetteavoir.ca\/en\/conference\/","url":"https:\/\/chouetteavoir.ca\/en\/conference\/","name":"Conference | Chouette \u00e0 Voir !","isPartOf":{"@id":"https:\/\/chouetteavoir.ca\/en\/#website"},"datePublished":"2021-04-13T18:04:07+00:00","dateModified":"2025-03-20T19:05:17+00:00","breadcrumb":{"@id":"https:\/\/chouetteavoir.ca\/en\/conference\/#breadcrumb"},"inLanguage":"en-US","potentialAction":[{"@type":"ReadAction","target":["https:\/\/chouetteavoir.ca\/en\/conference\/"]}]},{"@type":"BreadcrumbList","@id":"https:\/\/chouetteavoir.ca\/en\/conference\/#breadcrumb","itemListElement":[{"@type":"ListItem","position":1,"name":"Accueil","item":"https:\/\/chouetteavoir.ca\/en\/"},{"@type":"ListItem","position":2,"name":"Conference"}]},{"@type":"WebSite","@id":"https:\/\/chouetteavoir.ca\/en\/#website","url":"https:\/\/chouetteavoir.ca\/en\/","name":"Chouette \u00e0 Voir !","description":"Le Qu\u00e9bec compte 27 esp\u00e8ces d\u2019oiseaux de proie, toutes prot\u00e9g\u00e9es, dont 5 sont vuln\u00e9rables.","publisher":{"@id":"https:\/\/chouetteavoir.ca\/en\/#organization"},"potentialAction":[{"@type":"SearchAction","target":{"@type":"EntryPoint","urlTemplate":"https:\/\/chouetteavoir.ca\/en\/?s={search_term_string}"},"query-input":{"@type":"PropertyValueSpecification","valueRequired":true,"valueName":"search_term_string"}}],"inLanguage":"en-US"},{"@type":"Organization","@id":"https:\/\/chouetteavoir.ca\/en\/#organization","name":"Chouette \u00e0 Voir!","url":"https:\/\/chouetteavoir.ca\/en\/","logo":{"@type":"ImageObject","inLanguage":"en-US","@id":"https:\/\/chouetteavoir.ca\/en\/#\/schema\/logo\/image\/","url":"https:\/\/chouetteavoir.ca\/wp-content\/uploads\/2021\/02\/logo_chouette_a_voir-2.png","contentUrl":"https:\/\/chouetteavoir.ca\/wp-content\/uploads\/2021\/02\/logo_chouette_a_voir-2.png","width":208,"height":120,"caption":"Chouette \u00e0 Voir!"},"image":{"@id":"https:\/\/chouetteavoir.ca\/en\/#\/schema\/logo\/image\/"},"sameAs":["https:\/\/www.facebook.com\/chouetteavoir\/","https:\/\/x.com\/UQROP","https:\/\/www.instagram.com\/chouette_a_voir\/","https:\/\/www.youtube.com\/channel\/UCc6U0zsiNJuOtMV1SbvKisw"]}]}},"_links":{"self":[{"href":"https:\/\/chouetteavoir.ca\/en\/wp-json\/wp\/v2\/pages\/14748","targetHints":{"allow":["GET"]}}],"collection":[{"href":"https:\/\/chouetteavoir.ca\/en\/wp-json\/wp\/v2\/pages"}],"about":[{"href":"https:\/\/chouetteavoir.ca\/en\/wp-json\/wp\/v2\/types\/page"}],"author":[{"embeddable":true,"href":"https:\/\/chouetteavoir.ca\/en\/wp-json\/wp\/v2\/users\/1"}],"replies":[{"embeddable":true,"href":"https:\/\/chouetteavoir.ca\/en\/wp-json\/wp\/v2\/comments?post=14748"}],"version-history":[{"count":5,"href":"https:\/\/chouetteavoir.ca\/en\/wp-json\/wp\/v2\/pages\/14748\/revisions"}],"predecessor-version":[{"id":15231,"href":"https:\/\/chouetteavoir.ca\/en\/wp-json\/wp\/v2\/pages\/14748\/revisions\/15231"}],"wp:attachment":[{"href":"https:\/\/chouetteavoir.ca\/en\/wp-json\/wp\/v2\/media?parent=14748"}],"curies":[{"name":"wp","href":"https:\/\/api.w.org\/{rel}","templated":true}]}}